{"id":1087,"date":"2022-03-31T09:27:43","date_gmt":"2022-03-31T07:27:43","guid":{"rendered":"https:\/\/www.svsuelfeld.de\/?page_id=1087"},"modified":"2023-05-26T19:16:56","modified_gmt":"2023-05-26T17:16:56","slug":"walking-football","status":"publish","type":"page","link":"https:\/\/www.svsuelfeld.de\/?page_id=1087","title":{"rendered":"Walking Football"},"content":{"rendered":"\n<p class=\"wp-block-paragraph\">Auch der SV S\u00fclfeld bietet jetzt Walking Football. Auf dem unten stehenden Flyer k\u00f6nnt Ihr Euch informieren was das \u00fcberhaupt ist.<\/p>\n\n\n\n<p class=\"wp-block-paragraph\">Jeder darf gerne beim Training vorbei schauen und herausfinden ob das etwas ist.<\/p>\n\n\n\n<div data-wp-interactive=\"core\/file\" class=\"wp-block-file\"><object data-wp-bind--hidden=\"!state.hasPdfPreview\" hidden class=\"wp-block-file__embed\" data=\"https:\/\/www.svsuelfeld.de\/wp-content\/uploads\/2022\/03\/1431597.pdf\" type=\"application\/pdf\" style=\"width:100%;height:600px\" aria-label=\"Einbettung von Walking Football DFB-Flyer.\"><\/object><a id=\"wp-block-file--media-5195cb66-8234-45c7-b32b-b5dd1c4824f0\" href=\"https:\/\/www.svsuelfeld.de\/wp-content\/uploads\/2022\/03\/1431597.pdf\">Walking Football DFB-Flyer<\/a><a href=\"https:\/\/www.svsuelfeld.de\/wp-content\/uploads\/2022\/03\/1431597.pdf\" class=\"wp-block-file__button wp-element-button\" download aria-describedby=\"wp-block-file--media-5195cb66-8234-45c7-b32b-b5dd1c4824f0\">Herunterladen<\/a><\/div>\n\n\n\n<hr class=\"wp-block-separator has-css-opacity is-style-dots\"\/>\n\n\n\n<hr class=\"wp-block-separator has-css-opacity\"\/>\n\n\n\n<h3 class=\"wp-block-heading\">Termine<\/h3>\n\n\n\n\n\n\n<hr class=\"wp-block-separator has-css-opacity\"\/>\n\n\n\n<h3 class=\"wp-block-heading\">Beitr\u00e4ge zu Walking Football<\/h3>\n\n\n<ul class=\"wp-block-latest-posts__list has-dates wp-block-latest-posts\"><li><div class=\"wp-block-latest-posts__featured-image alignleft\"><img loading=\"lazy\" decoding=\"async\" width=\"300\" height=\"169\" src=\"https:\/\/www.svsuelfeld.de\/wp-content\/uploads\/2023\/07\/IMG-20230702-WA0002-300x169.jpg\" class=\"attachment-medium size-medium wp-post-image\" alt=\"\" style=\"\" srcset=\"https:\/\/www.svsuelfeld.de\/wp-content\/uploads\/2023\/07\/IMG-20230702-WA0002-300x169.jpg 300w, https:\/\/www.svsuelfeld.de\/wp-content\/uploads\/2023\/07\/IMG-20230702-WA0002-1024x576.jpg 1024w, https:\/\/www.svsuelfeld.de\/wp-content\/uploads\/2023\/07\/IMG-20230702-WA0002-768x432.jpg 768w, https:\/\/www.svsuelfeld.de\/wp-content\/uploads\/2023\/07\/IMG-20230702-WA0002-1536x864.jpg 1536w, https:\/\/www.svsuelfeld.de\/wp-content\/uploads\/2023\/07\/IMG-20230702-WA0002.jpg 2048w\" sizes=\"auto, (max-width: 300px) 100vw, 300px\" \/><\/div><a class=\"wp-block-latest-posts__post-title\" href=\"https:\/\/www.svsuelfeld.de\/?p=2280\">Walking Football Turnier in Dersau<\/a><time datetime=\"2023-07-22T12:19:43+02:00\" class=\"wp-block-latest-posts__post-date\">22. Juli 2023<\/time><div class=\"wp-block-latest-posts__post-full-content\"><!-- wp:paragraph -->\n<p>Wir schreiben den 2.7.2023 und elf bis in die Zehenspitzen motivierte Spieler von der Walking Football Truppe des SV S\u00fclfeld machten sich auf den Weg nach Dersau. Dort wurde n\u00e4mlich u.a. zu einem l\u00e4nder\u00fcbergreifenden WF-Turnier eingeladen. Unter unseren Protagonisten war auch ein Spieler des HSV, den wir als Praktikanten aufnahmen und Spielpraxis anboten.\u00a0<br \/>Beim Parken hatten wir schon die Ehre in Reihe eins stehen zu d\u00fcrfen. Wir also zu einem gro\u00dfen Zelt, welches wir auch brauchten, denn es fing gerade an zu sch\u00fctten.\u00a0<br \/>Von den neun gemeldeten Mannschaften kamen leider nur acht Teams, so dass der Spielplan dementsprechend ge\u00e4ndert werden musste. Anstatt in zwei Gruppen zu spielen, wurde jetzt in &#8222;jeder gegen jeden&#8220; ge\u00e4ndert. So, also 7 Spiele, die gewonnen werden mussten. Im Vorwege wurde die Aufstellung besprochen und wer mit wem wechseln soll. Passend zum Start fing die Sonne an zu scheinen, was uns auch das ganze Turnier so verfolgte..\ud83c\udf1e\ud83c\udf1e\ud83c\udf1e\u00a0<br \/>Als Bedingung wurden Schienbeinschoner von der Turnierleitung vorgeschrieben, was viele Spieler aller Teams aber nicht mitbekommen haben \ud83d\ude48. So, nun war Kreativit\u00e4t gefragt und es stellte sich heraus, dass mehrere Bratwurstpappen und auch Badelatschen\ud83e\ude74\ud83e\ude74 ein w\u00fcrdiger &#8222;Schienbeinschonerersatz&#8220; sein k\u00f6nnen&#8230;\ud83d\ude0e\u00a0<\/p>\n<!-- \/wp:paragraph -->\n\n<!-- wp:image {\"id\":2283,\"sizeSlug\":\"large\",\"linkDestination\":\"none\"} -->\n<figure class=\"wp-block-image size-large\"><img loading=\"lazy\" decoding=\"async\" width=\"1024\" height=\"768\" src=\"https:\/\/www.svsuelfeld.de\/wp-content\/uploads\/2023\/07\/IMG-20230702-WA0003-1024x768.jpg\" alt=\"\" class=\"wp-image-2283\" srcset=\"https:\/\/www.svsuelfeld.de\/wp-content\/uploads\/2023\/07\/IMG-20230702-WA0003-1024x768.jpg 1024w, https:\/\/www.svsuelfeld.de\/wp-content\/uploads\/2023\/07\/IMG-20230702-WA0003-300x225.jpg 300w, https:\/\/www.svsuelfeld.de\/wp-content\/uploads\/2023\/07\/IMG-20230702-WA0003-768x576.jpg 768w, https:\/\/www.svsuelfeld.de\/wp-content\/uploads\/2023\/07\/IMG-20230702-WA0003-1536x1152.jpg 1536w, https:\/\/www.svsuelfeld.de\/wp-content\/uploads\/2023\/07\/IMG-20230702-WA0003.jpg 2048w\" sizes=\"auto, (max-width: 1024px) 100vw, 1024px\" \/><\/figure>\n<!-- \/wp:image -->\n\n<!-- wp:paragraph -->\n<p>Wir also rein ins Spiel eins und tats\u00e4chlich mit 3:2 gewonnen. Fing also gut an&#8230;\ud83d\udc4d\u00a0<br \/>In Spiel zwei konnten wir auch als Sieger vonne Platte gehen, denn wir hielten\u00a0 mit 2:1 die Oberhand. Oha, gar nicht mal so schlecht&#8230;\ud83d\ude0e\u00a0<br \/>Bis zu unseren n\u00e4chsten Spiel fing es wieder an zu regnen und windig wurde es zwischendurch auch. Wie schon erw\u00e4hnt, schien die Sonne auch zu unserem Spiel drei. Auch diese wollte sich dieses Spektakel n\u00e4mlich nicht entgehen lassen&#8230;\u00a0<br \/>Alle guten Dinge sind drei, also sind wir mit 3:1 als Sieger vom Platz gegangen&#8230; Bahnte sich da eine Serie an? Jaaaa!!!\u00a0<br \/>Spiel vier ging dann mit 1:0 an uns und im Spiel f\u00fcnf wartete dann Werder Bremen auf uns. Zur Begr\u00fc\u00dfung bekamen wir einen kleinen Werderschal als Gastgeschenk. Laut Aussage \u00e4lterer Dorfbewohner gab es wohl im Nachgang Streit zwischen Jean und Maxim, denn beide wollten wohl unbedingt diesen Schal haben&#8230;\ud83e\udd23\ud83e\udd23\ud83e\udd23\u00a0<\/p>\n<!-- \/wp:paragraph -->\n\n<!-- wp:paragraph -->\n<p>Wir haben uns nicht von diesem Ablenkungsman\u00f6ver der Gr\u00fcnen beeinflussen lassen und haben die Hansest\u00e4dter mit 2:0 nach Hause geschickt. Boah, jetzt stieg die Stimmung bei uns, denn der Pokal \ud83c\udfc6 war zum Greifen nah&#8230;\u00a0<br \/>Nach zwischenzeitlichem Regen traten die M\u00e4nner aus dem Kreis Segeberg zum sechsten Spiel an. Ja ich wei\u00df, langsam wird&#8217;s langweilig, aber auch dieser Gegner wurde letztendlich mit 2:1 besiegt. Kann man mal so machen&#8230;\u00a0<br \/>Da dass n\u00e4chste Spiel zwischen unseren Gegnern unentschieden ausging, hatten wir automatisch das Turnier gewonnen&#8230;\u00a0<br \/>Wir wollten uns aber nicht h\u00e4ngen lassen und waren bis in die Zehenspitzen motiviert. Dass zeigte sich auch an dem Tor des Tages von Jean, der die runde Kugel mit gef\u00fchlt 120 km\/h, wie ein Strahl ins gegnerische Tor bugsierte. Sah gar nicht mal so sch\u00f6n aus&#8230;.\u26bd\ufe0f\ud83d\ude0e\ud83d\udc4d.\u00a0<br \/>Kurze Rede, langer Sinn: 7 Spiele, 7 Siege\u203c\ufe0f Als absolute Turnieranf\u00e4nger in dieser Sparte gar nicht mal so schlecht.\u00a0<br \/>Als Belohnung gab es den gr\u00f6\u00dften der drei zu vergebenen Pokale und jeder bekam eine Medaille \ud83c\udfc5\u00a0<br \/>Neuer Spitzname des Teams: &#8222;Die glorreichen Sieben&#8220;\u00a0<\/p>\n<!-- \/wp:paragraph -->\n\n<!-- wp:image {\"id\":2282,\"sizeSlug\":\"large\",\"linkDestination\":\"none\"} -->\n<figure class=\"wp-block-image size-large\"><img loading=\"lazy\" decoding=\"async\" width=\"1024\" height=\"768\" src=\"https:\/\/www.svsuelfeld.de\/wp-content\/uploads\/2023\/07\/IMG-20230702-WA0008-1024x768.jpg\" alt=\"\" class=\"wp-image-2282\" srcset=\"https:\/\/www.svsuelfeld.de\/wp-content\/uploads\/2023\/07\/IMG-20230702-WA0008-1024x768.jpg 1024w, https:\/\/www.svsuelfeld.de\/wp-content\/uploads\/2023\/07\/IMG-20230702-WA0008-300x225.jpg 300w, https:\/\/www.svsuelfeld.de\/wp-content\/uploads\/2023\/07\/IMG-20230702-WA0008-768x576.jpg 768w, https:\/\/www.svsuelfeld.de\/wp-content\/uploads\/2023\/07\/IMG-20230702-WA0008-1536x1152.jpg 1536w, https:\/\/www.svsuelfeld.de\/wp-content\/uploads\/2023\/07\/IMG-20230702-WA0008.jpg 2048w\" sizes=\"auto, (max-width: 1024px) 100vw, 1024px\" \/><\/figure>\n<!-- \/wp:image -->\n\n<!-- wp:paragraph -->\n<p>Fazit:\u00a0<br \/>Geile Truppe, geiler Tag, geiles Turnier und ein verdienter Erfolg&#8230;<\/p>\n<!-- \/wp:paragraph --><\/div><\/li>\n<li><div class=\"wp-block-latest-posts__featured-image alignleft\"><img loading=\"lazy\" decoding=\"async\" width=\"300\" height=\"175\" src=\"https:\/\/www.svsuelfeld.de\/wp-content\/uploads\/2023\/02\/sponsino-300x175.webp\" class=\"attachment-medium size-medium wp-post-image\" alt=\"\" style=\"\" srcset=\"https:\/\/www.svsuelfeld.de\/wp-content\/uploads\/2023\/02\/sponsino-300x175.webp 300w, https:\/\/www.svsuelfeld.de\/wp-content\/uploads\/2023\/02\/sponsino-768x448.webp 768w, https:\/\/www.svsuelfeld.de\/wp-content\/uploads\/2023\/02\/sponsino.webp 858w\" sizes=\"auto, (max-width: 300px) 100vw, 300px\" \/><\/div><a class=\"wp-block-latest-posts__post-title\" href=\"https:\/\/www.svsuelfeld.de\/?p=2039\">Werde Sponsor bei Sponsino<\/a><time datetime=\"2023-02-20T15:01:41+01:00\" class=\"wp-block-latest-posts__post-date\">20. Februar 2023<\/time><div class=\"wp-block-latest-posts__post-full-content\"><!-- wp:paragraph -->\n<p>Die Sparte Walking Football ben\u00f6tigt Tore und Trainingsanz\u00fcge.<\/p>\n<!-- \/wp:paragraph -->\n\n<!-- wp:paragraph -->\n<p>Unter <a href=\"https:\/\/www.sponsino.de\/torefueruns\" target=\"_blank\" rel=\"noreferrer noopener\">https:\/\/www.sponsino.de\/torefueruns<\/a> kannst auch Du zum Sponsor werden und uns die Anschaffung des Materials erm\u00f6glichen.<\/p>\n<!-- \/wp:paragraph -->\n\n<!-- wp:buttons {\"layout\":{\"type\":\"flex\",\"justifyContent\":\"center\"}} -->\n<div class=\"wp-block-buttons\"><!-- wp:button {\"backgroundColor\":\"vivid-red\",\"textColor\":\"white\",\"className\":\"is-style-fill\"} -->\n<div class=\"wp-block-button is-style-fill\"><a class=\"wp-block-button__link has-white-color has-vivid-red-background-color has-text-color has-background wp-element-button\" href=\"https:\/\/www.sponsino.de\/torefueruns\" target=\"_blank\" rel=\"noreferrer noopener\">Link zu Sponsino<\/a><\/div>\n<!-- \/wp:button --><\/div>\n<!-- \/wp:buttons --><\/div><\/li>\n<li><div class=\"wp-block-latest-posts__featured-image alignleft\"><img loading=\"lazy\" decoding=\"async\" width=\"300\" height=\"225\" src=\"https:\/\/www.svsuelfeld.de\/wp-content\/uploads\/2022\/04\/walking_football_kickoff-300x225.jpg\" class=\"attachment-medium size-medium wp-post-image\" alt=\"\" style=\"\" srcset=\"https:\/\/www.svsuelfeld.de\/wp-content\/uploads\/2022\/04\/walking_football_kickoff-300x225.jpg 300w, https:\/\/www.svsuelfeld.de\/wp-content\/uploads\/2022\/04\/walking_football_kickoff.jpg 640w\" sizes=\"auto, (max-width: 300px) 100vw, 300px\" \/><\/div><a class=\"wp-block-latest-posts__post-title\" href=\"https:\/\/www.svsuelfeld.de\/?p=1145\">Walking Football Kickoff<\/a><time datetime=\"2022-04-08T09:51:14+02:00\" class=\"wp-block-latest-posts__post-date\">8. April 2022<\/time><div class=\"wp-block-latest-posts__post-full-content\"><!-- wp:paragraph -->\n<p>Gestern war es soweit: Die offizielle Kickoff-Veranstaltung zum &#8222;Walking Football&#8220; im SVS.<\/p>\n<!-- \/wp:paragraph -->\n\n<!-- wp:paragraph -->\n<p>Im Zuge eines Trainings in der Sporthalle wurde das Starterpaket von SHFV und AOK an die Truppe rund um Stefan Budde (2. v.R.) verteilt.<\/p>\n<!-- \/wp:paragraph -->\n\n<!-- wp:paragraph -->\n<p>Ab sofort wird einmal die Woche trainiert. Im Winter in der Halle, im Sommer auf dem Sportplatz.<\/p>\n<!-- \/wp:paragraph --><\/div><\/li>\n<li><div class=\"wp-block-latest-posts__featured-image alignleft\"><img loading=\"lazy\" decoding=\"async\" width=\"300\" height=\"100\" src=\"https:\/\/www.svsuelfeld.de\/wp-content\/uploads\/2022\/03\/exclamation-mark-gb423786af_1280-300x100.jpg\" class=\"attachment-medium size-medium wp-post-image\" alt=\"\" style=\"\" srcset=\"https:\/\/www.svsuelfeld.de\/wp-content\/uploads\/2022\/03\/exclamation-mark-gb423786af_1280-300x100.jpg 300w, https:\/\/www.svsuelfeld.de\/wp-content\/uploads\/2022\/03\/exclamation-mark-gb423786af_1280-1024x341.jpg 1024w, https:\/\/www.svsuelfeld.de\/wp-content\/uploads\/2022\/03\/exclamation-mark-gb423786af_1280-768x256.jpg 768w, https:\/\/www.svsuelfeld.de\/wp-content\/uploads\/2022\/03\/exclamation-mark-gb423786af_1280.jpg 1280w\" sizes=\"auto, (max-width: 300px) 100vw, 300px\" \/><\/div><a class=\"wp-block-latest-posts__post-title\" href=\"https:\/\/www.svsuelfeld.de\/?p=1106\">NEU: Walking Football<\/a><time datetime=\"2022-03-31T10:18:30+02:00\" class=\"wp-block-latest-posts__post-date\">31. M\u00e4rz 2022<\/time><div class=\"wp-block-latest-posts__post-full-content\"><!-- wp:paragraph -->\n<p>Ganz neu im Verein: <strong>Walking Football.<\/strong><\/p>\n<!-- \/wp:paragraph -->\n\n<!-- wp:paragraph -->\n<p><em>DIE <\/em>inkludierende, Generationen- &amp; Geschlechter\u00fcbergreifende Sportart jetzt auch im SV S\u00fclfeld!<\/p>\n<!-- \/wp:paragraph -->\n\n<!-- wp:paragraph -->\n<p>Jeder kann mitmachen.<\/p>\n<!-- \/wp:paragraph -->\n\n<!-- wp:buttons -->\n<div class=\"wp-block-buttons\"><!-- wp:button {\"backgroundColor\":\"vivid-red\"} -->\n<div class=\"wp-block-button\"><a class=\"wp-block-button__link has-vivid-red-background-color has-background\" href=\"https:\/\/www.svsuelfeld.de\/walking-football\/\">Zur Walking Football Seite<\/a><\/div>\n<!-- \/wp:button --><\/div>\n<!-- \/wp:buttons -->\n\n<!-- wp:paragraph -->\n<p><\/p>\n<!-- \/wp:paragraph --><\/div><\/li>\n<\/ul>\n\n\n<div class=\"wp-block-buttons is-content-justification-center is-layout-flex wp-container-core-buttons-is-layout-3e41869c wp-block-buttons-is-layout-flex\">\n<div class=\"wp-block-button\"><a class=\"wp-block-button__link has-vivid-red-background-color has-background wp-element-button\" href=\"https:\/\/www.svsuelfeld.de\/category\/walking-football\/\">Hier geht es zum Beitragsarchiv<\/a><\/div>\n<\/div>\n","protected":false},"excerpt":{"rendered":"<p>Auch der SV S\u00fclfeld bietet jetzt Walking Football. Auf dem unten stehenden Flyer k\u00f6nnt Ihr Euch informieren was das \u00fcberhaupt ist. Jeder darf gerne beim Training vorbei schauen und herausfinden ob das etwas ist. Termine Beitr\u00e4ge zu Walking Football<\/p>\n","protected":false},"author":6,"featured_media":1088,"parent":0,"menu_order":0,"comment_status":"closed","ping_status":"closed","template":"","meta":{"_crdt_document":"","pgc_sgb_lightbox_settings":"","footnotes":""},"class_list":["post-1087","page","type-page","status-publish","has-post-thumbnail","hentry"],"yoast_head":"<!-- This site is optimized with the Yoast SEO plugin v27.3 - https:\/\/yoast.com\/product\/yoast-seo-wordpress\/ -->\n<title>Walking Football - SV S\u00fclfeld<\/title>\n<meta name=\"robots\" content=\"index, follow, max-snippet:-1, max-image-preview:large, max-video-preview:-1\" \/>\n<link rel=\"canonical\" href=\"https:\/\/www.svsuelfeld.de\/?page_id=1087\" \/>\n<meta property=\"og:locale\" content=\"de_DE\" \/>\n<meta property=\"og:type\" content=\"article\" \/>\n<meta property=\"og:title\" content=\"Walking Football - SV S\u00fclfeld\" \/>\n<meta property=\"og:description\" content=\"Auch der SV S\u00fclfeld bietet jetzt Walking Football. Auf dem unten stehenden Flyer k\u00f6nnt Ihr Euch informieren was das \u00fcberhaupt ist. Jeder darf gerne beim Training vorbei schauen und herausfinden ob das etwas ist. Termine Beitr\u00e4ge zu Walking Football\" \/>\n<meta property=\"og:url\" content=\"https:\/\/www.svsuelfeld.de\/?page_id=1087\" \/>\n<meta property=\"og:site_name\" content=\"SV S\u00fclfeld\" \/>\n<meta property=\"article:publisher\" content=\"https:\/\/de-de.facebook.com\/svsuelfeld\/\" \/>\n<meta property=\"article:modified_time\" content=\"2023-05-26T17:16:56+00:00\" \/>\n<meta property=\"og:image\" content=\"https:\/\/www.svsuelfeld.de\/wp-content\/uploads\/2022\/03\/football-g328c56f9b_1280.jpg\" \/>\n\t<meta property=\"og:image:width\" content=\"1280\" \/>\n\t<meta property=\"og:image:height\" content=\"853\" \/>\n\t<meta property=\"og:image:type\" content=\"image\/jpeg\" \/>\n<meta name=\"twitter:card\" content=\"summary_large_image\" \/>\n<meta name=\"twitter:label1\" content=\"Gesch\u00e4tzte Lesezeit\" \/>\n\t<meta name=\"twitter:data1\" content=\"1\u00a0Minute\" \/>\n<script type=\"application\/ld+json\" class=\"yoast-schema-graph\">{\"@context\":\"https:\\\/\\\/schema.org\",\"@graph\":[{\"@type\":\"WebPage\",\"@id\":\"https:\\\/\\\/www.svsuelfeld.de\\\/?page_id=1087\",\"url\":\"https:\\\/\\\/www.svsuelfeld.de\\\/?page_id=1087\",\"name\":\"Walking Football - SV S\u00fclfeld\",\"isPartOf\":{\"@id\":\"https:\\\/\\\/www.svsuelfeld.de\\\/#website\"},\"primaryImageOfPage\":{\"@id\":\"https:\\\/\\\/www.svsuelfeld.de\\\/?page_id=1087#primaryimage\"},\"image\":{\"@id\":\"https:\\\/\\\/www.svsuelfeld.de\\\/?page_id=1087#primaryimage\"},\"thumbnailUrl\":\"https:\\\/\\\/www.svsuelfeld.de\\\/wp-content\\\/uploads\\\/2022\\\/03\\\/football-g328c56f9b_1280.jpg\",\"datePublished\":\"2022-03-31T07:27:43+00:00\",\"dateModified\":\"2023-05-26T17:16:56+00:00\",\"breadcrumb\":{\"@id\":\"https:\\\/\\\/www.svsuelfeld.de\\\/?page_id=1087#breadcrumb\"},\"inLanguage\":\"de\",\"potentialAction\":[{\"@type\":\"ReadAction\",\"target\":[\"https:\\\/\\\/www.svsuelfeld.de\\\/?page_id=1087\"]}]},{\"@type\":\"ImageObject\",\"inLanguage\":\"de\",\"@id\":\"https:\\\/\\\/www.svsuelfeld.de\\\/?page_id=1087#primaryimage\",\"url\":\"https:\\\/\\\/www.svsuelfeld.de\\\/wp-content\\\/uploads\\\/2022\\\/03\\\/football-g328c56f9b_1280.jpg\",\"contentUrl\":\"https:\\\/\\\/www.svsuelfeld.de\\\/wp-content\\\/uploads\\\/2022\\\/03\\\/football-g328c56f9b_1280.jpg\",\"width\":1280,\"height\":853},{\"@type\":\"BreadcrumbList\",\"@id\":\"https:\\\/\\\/www.svsuelfeld.de\\\/?page_id=1087#breadcrumb\",\"itemListElement\":[{\"@type\":\"ListItem\",\"position\":1,\"name\":\"Startseite\",\"item\":\"https:\\\/\\\/www.svsuelfeld.de\\\/\"},{\"@type\":\"ListItem\",\"position\":2,\"name\":\"Walking Football\"}]},{\"@type\":\"WebSite\",\"@id\":\"https:\\\/\\\/www.svsuelfeld.de\\\/#website\",\"url\":\"https:\\\/\\\/www.svsuelfeld.de\\\/\",\"name\":\"SV S\u00fclfeld\",\"description\":\"...mehr S\u00fclfeld geht nicht\",\"publisher\":{\"@id\":\"https:\\\/\\\/www.svsuelfeld.de\\\/#organization\"},\"potentialAction\":[{\"@type\":\"SearchAction\",\"target\":{\"@type\":\"EntryPoint\",\"urlTemplate\":\"https:\\\/\\\/www.svsuelfeld.de\\\/?s={search_term_string}\"},\"query-input\":{\"@type\":\"PropertyValueSpecification\",\"valueRequired\":true,\"valueName\":\"search_term_string\"}}],\"inLanguage\":\"de\"},{\"@type\":\"Organization\",\"@id\":\"https:\\\/\\\/www.svsuelfeld.de\\\/#organization\",\"name\":\"SV S\u00fclfeld\",\"url\":\"https:\\\/\\\/www.svsuelfeld.de\\\/\",\"logo\":{\"@type\":\"ImageObject\",\"inLanguage\":\"de\",\"@id\":\"https:\\\/\\\/www.svsuelfeld.de\\\/#\\\/schema\\\/logo\\\/image\\\/\",\"url\":\"https:\\\/\\\/www.svsuelfeld.de\\\/wp-content\\\/uploads\\\/2022\\\/06\\\/cropped-svs-logo.png\",\"contentUrl\":\"https:\\\/\\\/www.svsuelfeld.de\\\/wp-content\\\/uploads\\\/2022\\\/06\\\/cropped-svs-logo.png\",\"width\":210,\"height\":210,\"caption\":\"SV S\u00fclfeld\"},\"image\":{\"@id\":\"https:\\\/\\\/www.svsuelfeld.de\\\/#\\\/schema\\\/logo\\\/image\\\/\"},\"sameAs\":[\"https:\\\/\\\/de-de.facebook.com\\\/svsuelfeld\\\/\"]}]}<\/script>\n<!-- \/ Yoast SEO plugin. -->","yoast_head_json":{"title":"Walking Football - SV S\u00fclfeld","robots":{"index":"index","follow":"follow","max-snippet":"max-snippet:-1","max-image-preview":"max-image-preview:large","max-video-preview":"max-video-preview:-1"},"canonical":"https:\/\/www.svsuelfeld.de\/?page_id=1087","og_locale":"de_DE","og_type":"article","og_title":"Walking Football - SV S\u00fclfeld","og_description":"Auch der SV S\u00fclfeld bietet jetzt Walking Football. Auf dem unten stehenden Flyer k\u00f6nnt Ihr Euch informieren was das \u00fcberhaupt ist. Jeder darf gerne beim Training vorbei schauen und herausfinden ob das etwas ist. Termine Beitr\u00e4ge zu Walking Football","og_url":"https:\/\/www.svsuelfeld.de\/?page_id=1087","og_site_name":"SV S\u00fclfeld","article_publisher":"https:\/\/de-de.facebook.com\/svsuelfeld\/","article_modified_time":"2023-05-26T17:16:56+00:00","og_image":[{"width":1280,"height":853,"url":"https:\/\/www.svsuelfeld.de\/wp-content\/uploads\/2022\/03\/football-g328c56f9b_1280.jpg","type":"image\/jpeg"}],"twitter_card":"summary_large_image","twitter_misc":{"Gesch\u00e4tzte Lesezeit":"1\u00a0Minute"},"schema":{"@context":"https:\/\/schema.org","@graph":[{"@type":"WebPage","@id":"https:\/\/www.svsuelfeld.de\/?page_id=1087","url":"https:\/\/www.svsuelfeld.de\/?page_id=1087","name":"Walking Football - SV S\u00fclfeld","isPartOf":{"@id":"https:\/\/www.svsuelfeld.de\/#website"},"primaryImageOfPage":{"@id":"https:\/\/www.svsuelfeld.de\/?page_id=1087#primaryimage"},"image":{"@id":"https:\/\/www.svsuelfeld.de\/?page_id=1087#primaryimage"},"thumbnailUrl":"https:\/\/www.svsuelfeld.de\/wp-content\/uploads\/2022\/03\/football-g328c56f9b_1280.jpg","datePublished":"2022-03-31T07:27:43+00:00","dateModified":"2023-05-26T17:16:56+00:00","breadcrumb":{"@id":"https:\/\/www.svsuelfeld.de\/?page_id=1087#breadcrumb"},"inLanguage":"de","potentialAction":[{"@type":"ReadAction","target":["https:\/\/www.svsuelfeld.de\/?page_id=1087"]}]},{"@type":"ImageObject","inLanguage":"de","@id":"https:\/\/www.svsuelfeld.de\/?page_id=1087#primaryimage","url":"https:\/\/www.svsuelfeld.de\/wp-content\/uploads\/2022\/03\/football-g328c56f9b_1280.jpg","contentUrl":"https:\/\/www.svsuelfeld.de\/wp-content\/uploads\/2022\/03\/football-g328c56f9b_1280.jpg","width":1280,"height":853},{"@type":"BreadcrumbList","@id":"https:\/\/www.svsuelfeld.de\/?page_id=1087#breadcrumb","itemListElement":[{"@type":"ListItem","position":1,"name":"Startseite","item":"https:\/\/www.svsuelfeld.de\/"},{"@type":"ListItem","position":2,"name":"Walking Football"}]},{"@type":"WebSite","@id":"https:\/\/www.svsuelfeld.de\/#website","url":"https:\/\/www.svsuelfeld.de\/","name":"SV S\u00fclfeld","description":"...mehr S\u00fclfeld geht nicht","publisher":{"@id":"https:\/\/www.svsuelfeld.de\/#organization"},"potentialAction":[{"@type":"SearchAction","target":{"@type":"EntryPoint","urlTemplate":"https:\/\/www.svsuelfeld.de\/?s={search_term_string}"},"query-input":{"@type":"PropertyValueSpecification","valueRequired":true,"valueName":"search_term_string"}}],"inLanguage":"de"},{"@type":"Organization","@id":"https:\/\/www.svsuelfeld.de\/#organization","name":"SV S\u00fclfeld","url":"https:\/\/www.svsuelfeld.de\/","logo":{"@type":"ImageObject","inLanguage":"de","@id":"https:\/\/www.svsuelfeld.de\/#\/schema\/logo\/image\/","url":"https:\/\/www.svsuelfeld.de\/wp-content\/uploads\/2022\/06\/cropped-svs-logo.png","contentUrl":"https:\/\/www.svsuelfeld.de\/wp-content\/uploads\/2022\/06\/cropped-svs-logo.png","width":210,"height":210,"caption":"SV S\u00fclfeld"},"image":{"@id":"https:\/\/www.svsuelfeld.de\/#\/schema\/logo\/image\/"},"sameAs":["https:\/\/de-de.facebook.com\/svsuelfeld\/"]}]}},"publishpress_future_action":{"enabled":false,"date":"2026-04-16 10:57:55","action":"change-status","newStatus":"draft","terms":[],"taxonomy":"","extraData":[]},"publishpress_future_workflow_manual_trigger":{"enabledWorkflows":[]},"_links":{"self":[{"href":"https:\/\/www.svsuelfeld.de\/index.php?rest_route=\/wp\/v2\/pages\/1087","targetHints":{"allow":["GET"]}}],"collection":[{"href":"https:\/\/www.svsuelfeld.de\/index.php?rest_route=\/wp\/v2\/pages"}],"about":[{"href":"https:\/\/www.svsuelfeld.de\/index.php?rest_route=\/wp\/v2\/types\/page"}],"author":[{"embeddable":true,"href":"https:\/\/www.svsuelfeld.de\/index.php?rest_route=\/wp\/v2\/users\/6"}],"replies":[{"embeddable":true,"href":"https:\/\/www.svsuelfeld.de\/index.php?rest_route=%2Fwp%2Fv2%2Fcomments&post=1087"}],"version-history":[{"count":10,"href":"https:\/\/www.svsuelfeld.de\/index.php?rest_route=\/wp\/v2\/pages\/1087\/revisions"}],"predecessor-version":[{"id":2259,"href":"https:\/\/www.svsuelfeld.de\/index.php?rest_route=\/wp\/v2\/pages\/1087\/revisions\/2259"}],"wp:featuredmedia":[{"embeddable":true,"href":"https:\/\/www.svsuelfeld.de\/index.php?rest_route=\/wp\/v2\/media\/1088"}],"wp:attachment":[{"href":"https:\/\/www.svsuelfeld.de\/index.php?rest_route=%2Fwp%2Fv2%2Fmedia&parent=1087"}],"curies":[{"name":"wp","href":"https:\/\/api.w.org\/{rel}","templated":true}]}}