{"id":1817,"date":"2022-08-22T18:42:14","date_gmt":"2022-08-22T16:42:14","guid":{"rendered":"https:\/\/www.svsuelfeld.de\/?page_id=1817"},"modified":"2022-08-22T19:08:03","modified_gmt":"2022-08-22T17:08:03","slug":"radsport-rtf","status":"publish","type":"page","link":"https:\/\/www.svsuelfeld.de\/?page_id=1817","title":{"rendered":"Radsport &#8211; RTF"},"content":{"rendered":"\n<h2 class=\"has-text-align-center wp-block-heading\">RTF<\/h2>\n\n\n\n<hr class=\"wp-block-separator has-css-opacity is-style-dots\"\/>\n\n\n<ul class=\"wp-block-latest-posts__list has-dates wp-block-latest-posts\"><li><div class=\"wp-block-latest-posts__featured-image alignleft\"><img loading=\"lazy\" decoding=\"async\" width=\"150\" height=\"150\" src=\"https:\/\/www.svsuelfeld.de\/wp-content\/uploads\/2023\/03\/23-150x150.jpg\" class=\"attachment-thumbnail size-thumbnail wp-post-image\" alt=\"\" style=\"\" srcset=\"https:\/\/www.svsuelfeld.de\/wp-content\/uploads\/2023\/03\/23-150x150.jpg 150w, https:\/\/www.svsuelfeld.de\/wp-content\/uploads\/2023\/03\/23-300x300.jpg 300w\" sizes=\"auto, (max-width: 150px) 100vw, 150px\" \/><\/div><a class=\"wp-block-latest-posts__post-title\" href=\"https:\/\/www.svsuelfeld.de\/?p=2072\">Radsport \u2013 gemeinsam am sch\u00f6nsten!<\/a><time datetime=\"2023-03-27T17:22:11+02:00\" class=\"wp-block-latest-posts__post-date\">27. M\u00e4rz 2023<\/time><div class=\"wp-block-latest-posts__post-excerpt\">Von diesem Motto haben sich an diesem Sonntag ca. 100 Fahrerinnen und Fahrer auf unserer RTF, der S\u00fclfelder Fr\u00fchlingsfrische, mal wieder \u00fcberzeugen k\u00f6nnen. Auf 3 nacheinander zu befahrenden 40 km Schleifen haben alle in mehr oder weniger gro\u00dfen Gruppen ihrem gemeinsamen Hobby fr\u00f6nen k\u00f6nnen. F\u00fcr alle, die keine eigenen Navigationsger\u00e4te dabei hatten, auch in einer\u2026\u00a0<a class=\"wp-block-latest-posts__read-more\" href=\"https:\/\/www.svsuelfeld.de\/?p=2072\" rel=\"noopener noreferrer\"><span class=\"screen-reader-text\">Radsport \u2013 gemeinsam am sch\u00f6nsten! <\/span>weiterlesen<\/a><\/div><\/li>\n<li><div class=\"wp-block-latest-posts__featured-image alignleft\"><img loading=\"lazy\" decoding=\"async\" width=\"150\" height=\"150\" src=\"https:\/\/www.svsuelfeld.de\/wp-content\/uploads\/2023\/03\/SFF-2023-Flyer-150x150.jpg\" class=\"attachment-thumbnail size-thumbnail wp-post-image\" alt=\"\" style=\"\" srcset=\"https:\/\/www.svsuelfeld.de\/wp-content\/uploads\/2023\/03\/SFF-2023-Flyer-150x150.jpg 150w, https:\/\/www.svsuelfeld.de\/wp-content\/uploads\/2023\/03\/SFF-2023-Flyer-300x300.jpg 300w\" sizes=\"auto, (max-width: 150px) 100vw, 150px\" \/><\/div><a class=\"wp-block-latest-posts__post-title\" href=\"https:\/\/www.svsuelfeld.de\/?p=2062\">GPS-RTF S\u00fclfelder Fr\u00fchlingsfrische \u2013 Last Call<\/a><time datetime=\"2023-03-22T22:15:33+01:00\" class=\"wp-block-latest-posts__post-date\">22. M\u00e4rz 2023<\/time><div class=\"wp-block-latest-posts__post-excerpt\">Dringender Aufruf f\u00fcr die Passagiere des Rundfluges S\u00fclfeld \u2013 S\u00fclfeld mit SV S\u00fclfeld. Die Passagiere werden zum Online-Schalter https:\/\/www.cycle-regman.de zur Anmeldung gebeten. Falls technische Probleme auftauchen, bitte die Mail-Adresse heimcarlfredrik@gmail.com nutzen. Bitte rechtzeitig Startpl\u00e4tze reservieren, damit unser engagiertes Bodenpersonal eine reichhaltige Auswahl an Speisen, sowie an warmen und kalten Getr\u00e4nken bereithalten kann. Geplanter Abflug: Sonntag,\u2026\u00a0<a class=\"wp-block-latest-posts__read-more\" href=\"https:\/\/www.svsuelfeld.de\/?p=2062\" rel=\"noopener noreferrer\"><span class=\"screen-reader-text\">GPS-RTF S\u00fclfelder Fr\u00fchlingsfrische \u2013 Last Call <\/span>weiterlesen<\/a><\/div><\/li>\n<li><div class=\"wp-block-latest-posts__featured-image alignleft\"><img loading=\"lazy\" decoding=\"async\" width=\"150\" height=\"150\" src=\"https:\/\/www.svsuelfeld.de\/wp-content\/uploads\/2023\/03\/SFF-2023-Flyer-150x150.jpg\" class=\"attachment-thumbnail size-thumbnail wp-post-image\" alt=\"\" style=\"\" srcset=\"https:\/\/www.svsuelfeld.de\/wp-content\/uploads\/2023\/03\/SFF-2023-Flyer-150x150.jpg 150w, https:\/\/www.svsuelfeld.de\/wp-content\/uploads\/2023\/03\/SFF-2023-Flyer-300x300.jpg 300w\" sizes=\"auto, (max-width: 150px) 100vw, 150px\" \/><\/div><a class=\"wp-block-latest-posts__post-title\" href=\"https:\/\/www.svsuelfeld.de\/?p=2053\">GPS-RTF S\u00fclfelder Fr\u00fchlingsfrische &#8211; Hinweise<\/a><time datetime=\"2023-03-20T09:19:05+01:00\" class=\"wp-block-latest-posts__post-date\">20. M\u00e4rz 2023<\/time><div class=\"wp-block-latest-posts__post-excerpt\">Die Spannung steigt! Am 26.03.2023 geht`s los. Wir haben hier ein paar Hinweise zusammgestellt, um die Vorfreude auf den n\u00e4chsten Sonntag zu steigern. Bitte reservieren!Bitte meldet Euch fr\u00fchzeitig \u00fcber https:\/\/cycle-regman.de an. Das erleichtert uns Planung und Einkauf. Wenn sich nur 40 Menschen anmelden, wir f\u00fcr 80 backen und einkaufen und am Sonntag stehen 160 Teilnehmende\u2026\u00a0<a class=\"wp-block-latest-posts__read-more\" href=\"https:\/\/www.svsuelfeld.de\/?p=2053\" rel=\"noopener noreferrer\"><span class=\"screen-reader-text\">GPS-RTF S\u00fclfelder Fr\u00fchlingsfrische &#8211; Hinweise <\/span>weiterlesen<\/a><\/div><\/li>\n<li><div class=\"wp-block-latest-posts__featured-image alignleft\"><img loading=\"lazy\" decoding=\"async\" width=\"106\" height=\"150\" src=\"https:\/\/www.svsuelfeld.de\/wp-content\/uploads\/2023\/02\/SVS-Suelfelder-Fruehlingsfrische-2023-Plakat-Black-c-pdf-106x150.jpg\" class=\"attachment-thumbnail size-thumbnail wp-post-image\" alt=\"\" style=\"\" \/><\/div><a class=\"wp-block-latest-posts__post-title\" href=\"https:\/\/www.svsuelfeld.de\/?p=2045\">GPS-RTF S\u00fclfelder Fr\u00fchlingsfrische<\/a><time datetime=\"2023-02-24T11:25:15+01:00\" class=\"wp-block-latest-posts__post-date\">24. Februar 2023<\/time><div class=\"wp-block-latest-posts__post-excerpt\">Nach der Pandemie wollen wir mit Euch wieder den Klingberg und weitere Highlights der Umgebung erkunden. Daher freuen wir uns auf Eure Teilnahme an der 3. S\u00fclfelder Fr\u00fchlingsfrische.&nbsp; Achtung: Anmeldung erforderlich!<\/div><\/li>\n<li><a class=\"wp-block-latest-posts__post-title\" href=\"https:\/\/www.svsuelfeld.de\/?p=1878\">Absage O-RTF S\u00fclfelder Herbsterwachen<\/a><time datetime=\"2022-09-30T19:50:04+02:00\" class=\"wp-block-latest-posts__post-date\">30. September 2022<\/time><div class=\"wp-block-latest-posts__post-excerpt\">Hallo Ihr Lieben, leider m\u00fcssen wir unsere O-RTF am 02.10.2022 aufgrund der geringen Teilnehmeranmeldungen und der unsicheren Wettervorhersage absagen. Nat\u00fcrlich k\u00f6nnt Ihr die Strecke trotzdem auf eigene Faust fahren. Die Tracks findet Ihr als Komoot &#8211; Link und als gpx-Datei weiter unten. Das bereits \u00fcberwiesene Startgeld werden wir kurzfristig auf Eure Konten erstatten. Vielen Dank\u2026\u00a0<a class=\"wp-block-latest-posts__read-more\" href=\"https:\/\/www.svsuelfeld.de\/?p=1878\" rel=\"noopener noreferrer\"><span class=\"screen-reader-text\">Absage O-RTF S\u00fclfelder Herbsterwachen <\/span>weiterlesen<\/a><\/div><\/li>\n<li><div class=\"wp-block-latest-posts__featured-image alignleft\"><img loading=\"lazy\" decoding=\"async\" width=\"150\" height=\"150\" src=\"https:\/\/www.svsuelfeld.de\/wp-content\/uploads\/2022\/08\/Bild-RTF-SFF-2019-150x150.jpg\" class=\"attachment-thumbnail size-thumbnail wp-post-image\" alt=\"\" style=\"\" srcset=\"https:\/\/www.svsuelfeld.de\/wp-content\/uploads\/2022\/08\/Bild-RTF-SFF-2019-150x150.jpg 150w, https:\/\/www.svsuelfeld.de\/wp-content\/uploads\/2022\/08\/Bild-RTF-SFF-2019-300x300.jpg 300w, https:\/\/www.svsuelfeld.de\/wp-content\/uploads\/2022\/08\/Bild-RTF-SFF-2019-1024x1024.jpg 1024w, https:\/\/www.svsuelfeld.de\/wp-content\/uploads\/2022\/08\/Bild-RTF-SFF-2019-768x768.jpg 768w, https:\/\/www.svsuelfeld.de\/wp-content\/uploads\/2022\/08\/Bild-RTF-SFF-2019-1536x1536.jpg 1536w, https:\/\/www.svsuelfeld.de\/wp-content\/uploads\/2022\/08\/Bild-RTF-SFF-2019.jpg 2048w\" sizes=\"auto, (max-width: 150px) 100vw, 150px\" \/><\/div><a class=\"wp-block-latest-posts__post-title\" href=\"https:\/\/www.svsuelfeld.de\/?p=1823\">O-RTF S\u00fclfelder Herbsterwachen am 02.10.2022<\/a><time datetime=\"2022-08-22T18:52:15+02:00\" class=\"wp-block-latest-posts__post-date\">22. August 2022<\/time><div class=\"wp-block-latest-posts__post-excerpt\">Rechtzeitig vor dem Ende der Stra\u00dfen-Saison startet unsere diesj\u00e4hrige RTF.Auf herbstlich dekorierter Strecke geht es mit Euch um und \u00fcber den Klingberg und weitere Highlights der Umgebung.&nbsp; Achtung: Anmeldung erforderlich! Wir freuen uns auf Euch! Warum Herbsterwachen? Die Fr\u00fchlingsfrische musste pandemiebedingt leider ausfallen. Nun wollen wir mit Euch den Herbst feiern. Im n\u00e4chsten Jahr l\u00e4uft\u2026\u00a0<a class=\"wp-block-latest-posts__read-more\" href=\"https:\/\/www.svsuelfeld.de\/?p=1823\" rel=\"noopener noreferrer\"><span class=\"screen-reader-text\">O-RTF S\u00fclfelder Herbsterwachen am 02.10.2022 <\/span>weiterlesen<\/a><\/div><\/li>\n<\/ul>\n\n\n<hr class=\"wp-block-separator has-css-opacity is-style-dots\"\/>\n\n\n\n<div class=\"wp-block-buttons is-content-justification-center is-layout-flex wp-container-core-buttons-is-layout-3e41869c wp-block-buttons-is-layout-flex\">\n<div class=\"wp-block-button\"><a class=\"wp-block-button__link has-vivid-red-background-color has-background\" href=\"https:\/\/www.svsuelfeld.de\/category\/radsport\/rtf\/\">Hier geht es zum Beitrags-Archiv<\/a><\/div>\n<\/div>\n","protected":false},"excerpt":{"rendered":"<p>RTF<\/p>\n","protected":false},"author":1,"featured_media":90,"parent":0,"menu_order":0,"comment_status":"closed","ping_status":"closed","template":"","meta":{"_crdt_document":"","pgc_sgb_lightbox_settings":"","footnotes":""},"class_list":["post-1817","page","type-page","status-publish","has-post-thumbnail","hentry"],"yoast_head":"<!-- This site is optimized with the Yoast SEO plugin v27.3 - https:\/\/yoast.com\/product\/yoast-seo-wordpress\/ -->\n<title>Radsport - RTF - SV S\u00fclfeld<\/title>\n<meta name=\"robots\" content=\"index, follow, max-snippet:-1, max-image-preview:large, max-video-preview:-1\" \/>\n<link rel=\"canonical\" href=\"https:\/\/www.svsuelfeld.de\/?page_id=1817\" \/>\n<meta property=\"og:locale\" content=\"de_DE\" \/>\n<meta property=\"og:type\" content=\"article\" \/>\n<meta property=\"og:title\" content=\"Radsport - RTF - SV S\u00fclfeld\" \/>\n<meta property=\"og:description\" content=\"RTF\" \/>\n<meta property=\"og:url\" content=\"https:\/\/www.svsuelfeld.de\/?page_id=1817\" \/>\n<meta property=\"og:site_name\" content=\"SV S\u00fclfeld\" \/>\n<meta property=\"article:publisher\" content=\"https:\/\/de-de.facebook.com\/svsuelfeld\/\" \/>\n<meta property=\"article:modified_time\" content=\"2022-08-22T17:08:03+00:00\" \/>\n<meta property=\"og:image\" content=\"https:\/\/www.svsuelfeld.de\/wp-content\/uploads\/2022\/02\/cropped-radsport.jpg\" \/>\n\t<meta property=\"og:image:width\" content=\"1600\" \/>\n\t<meta property=\"og:image:height\" content=\"600\" \/>\n\t<meta property=\"og:image:type\" content=\"image\/jpeg\" \/>\n<meta name=\"twitter:card\" content=\"summary_large_image\" \/>\n<meta name=\"twitter:label1\" content=\"Gesch\u00e4tzte Lesezeit\" \/>\n\t<meta name=\"twitter:data1\" content=\"1\u00a0Minute\" \/>\n<script type=\"application\/ld+json\" class=\"yoast-schema-graph\">{\"@context\":\"https:\\\/\\\/schema.org\",\"@graph\":[{\"@type\":\"WebPage\",\"@id\":\"https:\\\/\\\/www.svsuelfeld.de\\\/?page_id=1817\",\"url\":\"https:\\\/\\\/www.svsuelfeld.de\\\/?page_id=1817\",\"name\":\"Radsport - RTF - SV S\u00fclfeld\",\"isPartOf\":{\"@id\":\"https:\\\/\\\/www.svsuelfeld.de\\\/#website\"},\"primaryImageOfPage\":{\"@id\":\"https:\\\/\\\/www.svsuelfeld.de\\\/?page_id=1817#primaryimage\"},\"image\":{\"@id\":\"https:\\\/\\\/www.svsuelfeld.de\\\/?page_id=1817#primaryimage\"},\"thumbnailUrl\":\"https:\\\/\\\/www.svsuelfeld.de\\\/wp-content\\\/uploads\\\/2022\\\/02\\\/cropped-radsport.jpg\",\"datePublished\":\"2022-08-22T16:42:14+00:00\",\"dateModified\":\"2022-08-22T17:08:03+00:00\",\"breadcrumb\":{\"@id\":\"https:\\\/\\\/www.svsuelfeld.de\\\/?page_id=1817#breadcrumb\"},\"inLanguage\":\"de\",\"potentialAction\":[{\"@type\":\"ReadAction\",\"target\":[\"https:\\\/\\\/www.svsuelfeld.de\\\/?page_id=1817\"]}]},{\"@type\":\"ImageObject\",\"inLanguage\":\"de\",\"@id\":\"https:\\\/\\\/www.svsuelfeld.de\\\/?page_id=1817#primaryimage\",\"url\":\"https:\\\/\\\/www.svsuelfeld.de\\\/wp-content\\\/uploads\\\/2022\\\/02\\\/cropped-radsport.jpg\",\"contentUrl\":\"https:\\\/\\\/www.svsuelfeld.de\\\/wp-content\\\/uploads\\\/2022\\\/02\\\/cropped-radsport.jpg\",\"width\":1600,\"height\":600},{\"@type\":\"BreadcrumbList\",\"@id\":\"https:\\\/\\\/www.svsuelfeld.de\\\/?page_id=1817#breadcrumb\",\"itemListElement\":[{\"@type\":\"ListItem\",\"position\":1,\"name\":\"Startseite\",\"item\":\"https:\\\/\\\/www.svsuelfeld.de\\\/\"},{\"@type\":\"ListItem\",\"position\":2,\"name\":\"Radsport &#8211; RTF\"}]},{\"@type\":\"WebSite\",\"@id\":\"https:\\\/\\\/www.svsuelfeld.de\\\/#website\",\"url\":\"https:\\\/\\\/www.svsuelfeld.de\\\/\",\"name\":\"SV S\u00fclfeld\",\"description\":\"...mehr S\u00fclfeld geht nicht\",\"publisher\":{\"@id\":\"https:\\\/\\\/www.svsuelfeld.de\\\/#organization\"},\"potentialAction\":[{\"@type\":\"SearchAction\",\"target\":{\"@type\":\"EntryPoint\",\"urlTemplate\":\"https:\\\/\\\/www.svsuelfeld.de\\\/?s={search_term_string}\"},\"query-input\":{\"@type\":\"PropertyValueSpecification\",\"valueRequired\":true,\"valueName\":\"search_term_string\"}}],\"inLanguage\":\"de\"},{\"@type\":\"Organization\",\"@id\":\"https:\\\/\\\/www.svsuelfeld.de\\\/#organization\",\"name\":\"SV S\u00fclfeld\",\"url\":\"https:\\\/\\\/www.svsuelfeld.de\\\/\",\"logo\":{\"@type\":\"ImageObject\",\"inLanguage\":\"de\",\"@id\":\"https:\\\/\\\/www.svsuelfeld.de\\\/#\\\/schema\\\/logo\\\/image\\\/\",\"url\":\"https:\\\/\\\/www.svsuelfeld.de\\\/wp-content\\\/uploads\\\/2022\\\/06\\\/cropped-svs-logo.png\",\"contentUrl\":\"https:\\\/\\\/www.svsuelfeld.de\\\/wp-content\\\/uploads\\\/2022\\\/06\\\/cropped-svs-logo.png\",\"width\":210,\"height\":210,\"caption\":\"SV S\u00fclfeld\"},\"image\":{\"@id\":\"https:\\\/\\\/www.svsuelfeld.de\\\/#\\\/schema\\\/logo\\\/image\\\/\"},\"sameAs\":[\"https:\\\/\\\/de-de.facebook.com\\\/svsuelfeld\\\/\"]}]}<\/script>\n<!-- \/ Yoast SEO plugin. -->","yoast_head_json":{"title":"Radsport - RTF - SV S\u00fclfeld","robots":{"index":"index","follow":"follow","max-snippet":"max-snippet:-1","max-image-preview":"max-image-preview:large","max-video-preview":"max-video-preview:-1"},"canonical":"https:\/\/www.svsuelfeld.de\/?page_id=1817","og_locale":"de_DE","og_type":"article","og_title":"Radsport - RTF - SV S\u00fclfeld","og_description":"RTF","og_url":"https:\/\/www.svsuelfeld.de\/?page_id=1817","og_site_name":"SV S\u00fclfeld","article_publisher":"https:\/\/de-de.facebook.com\/svsuelfeld\/","article_modified_time":"2022-08-22T17:08:03+00:00","og_image":[{"width":1600,"height":600,"url":"https:\/\/www.svsuelfeld.de\/wp-content\/uploads\/2022\/02\/cropped-radsport.jpg","type":"image\/jpeg"}],"twitter_card":"summary_large_image","twitter_misc":{"Gesch\u00e4tzte Lesezeit":"1\u00a0Minute"},"schema":{"@context":"https:\/\/schema.org","@graph":[{"@type":"WebPage","@id":"https:\/\/www.svsuelfeld.de\/?page_id=1817","url":"https:\/\/www.svsuelfeld.de\/?page_id=1817","name":"Radsport - RTF - SV S\u00fclfeld","isPartOf":{"@id":"https:\/\/www.svsuelfeld.de\/#website"},"primaryImageOfPage":{"@id":"https:\/\/www.svsuelfeld.de\/?page_id=1817#primaryimage"},"image":{"@id":"https:\/\/www.svsuelfeld.de\/?page_id=1817#primaryimage"},"thumbnailUrl":"https:\/\/www.svsuelfeld.de\/wp-content\/uploads\/2022\/02\/cropped-radsport.jpg","datePublished":"2022-08-22T16:42:14+00:00","dateModified":"2022-08-22T17:08:03+00:00","breadcrumb":{"@id":"https:\/\/www.svsuelfeld.de\/?page_id=1817#breadcrumb"},"inLanguage":"de","potentialAction":[{"@type":"ReadAction","target":["https:\/\/www.svsuelfeld.de\/?page_id=1817"]}]},{"@type":"ImageObject","inLanguage":"de","@id":"https:\/\/www.svsuelfeld.de\/?page_id=1817#primaryimage","url":"https:\/\/www.svsuelfeld.de\/wp-content\/uploads\/2022\/02\/cropped-radsport.jpg","contentUrl":"https:\/\/www.svsuelfeld.de\/wp-content\/uploads\/2022\/02\/cropped-radsport.jpg","width":1600,"height":600},{"@type":"BreadcrumbList","@id":"https:\/\/www.svsuelfeld.de\/?page_id=1817#breadcrumb","itemListElement":[{"@type":"ListItem","position":1,"name":"Startseite","item":"https:\/\/www.svsuelfeld.de\/"},{"@type":"ListItem","position":2,"name":"Radsport &#8211; RTF"}]},{"@type":"WebSite","@id":"https:\/\/www.svsuelfeld.de\/#website","url":"https:\/\/www.svsuelfeld.de\/","name":"SV S\u00fclfeld","description":"...mehr S\u00fclfeld geht nicht","publisher":{"@id":"https:\/\/www.svsuelfeld.de\/#organization"},"potentialAction":[{"@type":"SearchAction","target":{"@type":"EntryPoint","urlTemplate":"https:\/\/www.svsuelfeld.de\/?s={search_term_string}"},"query-input":{"@type":"PropertyValueSpecification","valueRequired":true,"valueName":"search_term_string"}}],"inLanguage":"de"},{"@type":"Organization","@id":"https:\/\/www.svsuelfeld.de\/#organization","name":"SV S\u00fclfeld","url":"https:\/\/www.svsuelfeld.de\/","logo":{"@type":"ImageObject","inLanguage":"de","@id":"https:\/\/www.svsuelfeld.de\/#\/schema\/logo\/image\/","url":"https:\/\/www.svsuelfeld.de\/wp-content\/uploads\/2022\/06\/cropped-svs-logo.png","contentUrl":"https:\/\/www.svsuelfeld.de\/wp-content\/uploads\/2022\/06\/cropped-svs-logo.png","width":210,"height":210,"caption":"SV S\u00fclfeld"},"image":{"@id":"https:\/\/www.svsuelfeld.de\/#\/schema\/logo\/image\/"},"sameAs":["https:\/\/de-de.facebook.com\/svsuelfeld\/"]}]}},"publishpress_future_action":{"enabled":false,"date":"2026-04-10 22:17:10","action":"change-status","newStatus":"draft","terms":[],"taxonomy":"","extraData":[]},"publishpress_future_workflow_manual_trigger":{"enabledWorkflows":[]},"_links":{"self":[{"href":"https:\/\/www.svsuelfeld.de\/index.php?rest_route=\/wp\/v2\/pages\/1817","targetHints":{"allow":["GET"]}}],"collection":[{"href":"https:\/\/www.svsuelfeld.de\/index.php?rest_route=\/wp\/v2\/pages"}],"about":[{"href":"https:\/\/www.svsuelfeld.de\/index.php?rest_route=\/wp\/v2\/types\/page"}],"author":[{"embeddable":true,"href":"https:\/\/www.svsuelfeld.de\/index.php?rest_route=\/wp\/v2\/users\/1"}],"replies":[{"embeddable":true,"href":"https:\/\/www.svsuelfeld.de\/index.php?rest_route=%2Fwp%2Fv2%2Fcomments&post=1817"}],"version-history":[{"count":4,"href":"https:\/\/www.svsuelfeld.de\/index.php?rest_route=\/wp\/v2\/pages\/1817\/revisions"}],"predecessor-version":[{"id":1829,"href":"https:\/\/www.svsuelfeld.de\/index.php?rest_route=\/wp\/v2\/pages\/1817\/revisions\/1829"}],"wp:featuredmedia":[{"embeddable":true,"href":"https:\/\/www.svsuelfeld.de\/index.php?rest_route=\/wp\/v2\/media\/90"}],"wp:attachment":[{"href":"https:\/\/www.svsuelfeld.de\/index.php?rest_route=%2Fwp%2Fv2%2Fmedia&parent=1817"}],"curies":[{"name":"wp","href":"https:\/\/api.w.org\/{rel}","templated":true}]}}