{"id":2128,"date":"2023-04-04T12:40:29","date_gmt":"2023-04-04T10:40:29","guid":{"rendered":"https:\/\/www.svsuelfeld.de\/?page_id=2128"},"modified":"2023-05-04T08:02:12","modified_gmt":"2023-05-04T06:02:12","slug":"darts","status":"publish","type":"page","link":"https:\/\/www.svsuelfeld.de\/?page_id=2128","title":{"rendered":"Darts"},"content":{"rendered":"\n<figure class=\"wp-block-image size-large\"><img loading=\"lazy\" decoding=\"async\" width=\"1024\" height=\"683\" src=\"https:\/\/www.svsuelfeld.de\/wp-content\/uploads\/2023\/04\/darts-g34bae5fd2_1920-1-1024x683.jpg\" alt=\"\" class=\"wp-image-2131\" srcset=\"https:\/\/www.svsuelfeld.de\/wp-content\/uploads\/2023\/04\/darts-g34bae5fd2_1920-1-1024x683.jpg 1024w, https:\/\/www.svsuelfeld.de\/wp-content\/uploads\/2023\/04\/darts-g34bae5fd2_1920-1-300x200.jpg 300w, https:\/\/www.svsuelfeld.de\/wp-content\/uploads\/2023\/04\/darts-g34bae5fd2_1920-1-768x512.jpg 768w, https:\/\/www.svsuelfeld.de\/wp-content\/uploads\/2023\/04\/darts-g34bae5fd2_1920-1-391x260.jpg 391w, https:\/\/www.svsuelfeld.de\/wp-content\/uploads\/2023\/04\/darts-g34bae5fd2_1920-1-1536x1024.jpg 1536w, https:\/\/www.svsuelfeld.de\/wp-content\/uploads\/2023\/04\/darts-g34bae5fd2_1920-1.jpg 1920w\" sizes=\"auto, (max-width: 1024px) 100vw, 1024px\" \/><\/figure>\n\n\n\n<p class=\"wp-block-paragraph\"><strong>Spartenleitung<\/strong>: <em>Till Becher<\/em>, Tel.: 01520\/200 70 84, Email: <a href=\"mailto:darts@svsuelfeld.de\">darts@svsuelfeld.de<\/a><\/p>\n\n\n\n<div class=\"wp-block-columns is-layout-flex wp-container-core-columns-is-layout-7387b849 wp-block-columns-is-layout-flex\">\n<div class=\"wp-block-column is-layout-flow wp-block-column-is-layout-flow\" style=\"flex-basis:100%\">\n<div class=\"wp-block-group\"><div class=\"wp-block-group__inner-container is-layout-flow wp-block-group-is-layout-flow\">\n<hr class=\"wp-block-separator has-css-opacity\"\/>\n<\/div><\/div>\n<\/div>\n<\/div>\n\n\n\n<h2 class=\"wp-block-heading\">\u201eGame on!\u201c hei\u00dft es jetzt auch im Sportverein S\u00fclfeld.\ud83c\udfaf<\/h2>\n\n\n\n<p class=\"wp-block-paragraph\">Die 2023 gegr\u00fcndete Dartsparte hei\u00dft jeden Willkommen, der Lust und Spa\u00df am Pfeilewerfen hat. Egal ob Anf\u00e4nger oder Fortgeschrittener, kommt vorbei und trainiert mit! Der Dartsport ist im Kommen, ist f\u00fcr jeden zu erlernen und macht riesigen Spa\u00df!<\/p>\n\n\n<div class=\"wp-block-image\">\n<figure class=\"aligncenter size-large is-resized\"><img loading=\"lazy\" decoding=\"async\" src=\"https:\/\/www.svsuelfeld.de\/wp-content\/uploads\/2023\/05\/SVS_Darts_Board-1-1024x1016.jpg\" alt=\"\" class=\"wp-image-2240\" width=\"524\" height=\"518\"\/><\/figure>\n<\/div>\n\n\n<p class=\"wp-block-paragraph\">Wir treffen uns montags von 19 bis 21 Uhr im \u201eG\u00fcnthers\u201c und trainieren gemeinsam in verschiedenen Spielformen, um unser K\u00f6nnen zu verbessern.<\/p>\n\n\n\n<p class=\"wp-block-paragraph\">Ob das Klassische \u201e501\u201c, \u201eRound the World\u201c oder aber \u201eCheckout-Training\u201c, der Spa\u00df &#8211; gepaart mit ein wenig Ambitionen sich zu verbessern &#8211; steht klar im Vordergrund. Gespielt wird mit Steeldarts.<\/p>\n\n\n\n<hr class=\"wp-block-separator has-css-opacity\"\/>\n\n\n\n<h3 class=\"wp-block-heading\">Termine Darts<\/h3>\n\n\n<div class=\"mec-wrap mec-skin-list-container  \" id=\"mec_skin_2130\">\r\n\r\n    \r\n            <div class=\"mec-skin-list-events-container\" id=\"mec_skin_events_2130\">\r\n        <div class=\"mec-wrap colorskin-custom\">\r\n\t<div class=\"mec-event-list-minimal\">\r\n\t\t\r\n                        <div class=\"mec-month-divider\" data-toggle-divider=\"mec-toggle-202604-2130\"><h5 style=\"display: inline;\">April 2026<\/h5><i class=\"mec-sl-arrow-down\"><\/i><\/div>\r\n            \r\n                        <article class=\"mec-past-event mec-event-article  mec-clear  mec-divider-toggle mec-toggle-202604-2130\" itemscope>\r\n                                                        <div class=\"col-md-9 col-sm-9\">\r\n                                                <div class=\"mec-event-date mec-bg-color\">\r\n                            <span>06<\/span>\r\n                            Apr.                        <\/div>\r\n                        \r\n                        <div class=\"mec-time-details\"><span class=\"mec-start-time\">19:00<\/span> - <span class=\"mec-end-time\">21:00<\/span><\/div>                        <h4 class=\"mec-event-title\"><a class=\"mec-color-hover\" data-event-id=\"2172\" href=\"https:\/\/www.svsuelfeld.de\/?mec-events=darts\" target=\"m1\" rel=\"noopener\">Training Darts<\/a><span class=\"mec-repeating-label\">W\u00f6chentlich<\/span><span class=\"event-color\" style=\"background: #e14d43\"><\/span><\/h4>\r\n                        <div class=\"mec-event-detail\">\r\n                            <span class=\"mec-day-wrapper\">Montag<\/span><span class=\"mec-comma-wrapper\">,<\/span> <span class=\"mec-event-loc-place\">G\u00fcnthers<\/span>                        <\/div>\r\n                                                                                                                                            <\/div>\r\n                    <div class=\"col-md-3 col-sm-3 btn-wrapper\"><a class=\"mec-detail-button\" data-event-id=\"2172\" href=\"https:\/\/www.svsuelfeld.de\/?mec-events=darts\" target=\"m1\" rel=\"noopener\">Details<\/a><\/div>\r\n                            <\/article>\r\n            \t\t\t<\/div>\r\n<\/div>\r\n\r\n    <\/div>\r\n    <div class=\"mec-skin-list-no-events-container mec-util-hidden\" id=\"mec_skin_no_events_2130\">\r\n        Keine Veranstaltung gefunden!    <\/div>\r\n    \r\n    \r\n<\/div>\r\n\n\n\n\n<hr class=\"wp-block-separator has-css-opacity\"\/>\n\n\n\n<h2 class=\"wp-block-heading\">Die neuesten Berichte aus der Darts-Sparte<\/h2>\n\n\n<ul class=\"wp-block-latest-posts__list has-dates wp-block-latest-posts\"><li><div class=\"wp-block-latest-posts__featured-image alignleft\"><a href=\"https:\/\/www.svsuelfeld.de\/?p=2768\" aria-label=\"S\u00fclfeld Steeldarts Series #1\"><img loading=\"lazy\" decoding=\"async\" width=\"113\" height=\"160\" src=\"https:\/\/www.svsuelfeld.de\/wp-content\/uploads\/2025\/10\/1000132657-1.jpg\" class=\"attachment-medium size-medium wp-post-image\" alt=\"\" style=\"\" \/><\/a><\/div><a class=\"wp-block-latest-posts__post-title\" href=\"https:\/\/www.svsuelfeld.de\/?p=2768\">S\u00fclfeld Steeldarts Series #1<\/a><time datetime=\"2025-10-13T20:05:25+02:00\" class=\"wp-block-latest-posts__post-date\">13. Oktober 2025<\/time><div class=\"wp-block-latest-posts__post-full-content\"><!-- wp:image {\"id\":2769,\"sizeSlug\":\"large\",\"linkDestination\":\"none\"} -->\n<figure class=\"wp-block-image size-large\"><img loading=\"lazy\" decoding=\"async\" width=\"724\" height=\"1024\" src=\"https:\/\/www.svsuelfeld.de\/wp-content\/uploads\/2025\/10\/1000132657-724x1024.jpg\" alt=\"\" class=\"wp-image-2769\" srcset=\"https:\/\/www.svsuelfeld.de\/wp-content\/uploads\/2025\/10\/1000132657-724x1024.jpg 724w, https:\/\/www.svsuelfeld.de\/wp-content\/uploads\/2025\/10\/1000132657-212x300.jpg 212w, https:\/\/www.svsuelfeld.de\/wp-content\/uploads\/2025\/10\/1000132657-768x1086.jpg 768w, https:\/\/www.svsuelfeld.de\/wp-content\/uploads\/2025\/10\/1000132657-1086x1536.jpg 1086w, https:\/\/www.svsuelfeld.de\/wp-content\/uploads\/2025\/10\/1000132657.jpg 1131w\" sizes=\"auto, (max-width: 724px) 100vw, 724px\" \/><\/figure>\n<!-- \/wp:image --><\/div><\/li>\n<li><div class=\"wp-block-latest-posts__featured-image alignleft\"><a href=\"https:\/\/www.svsuelfeld.de\/?p=2584\" aria-label=\"1. S\u00fclfelder Steeldarts Sommer Cup\"><img loading=\"lazy\" decoding=\"async\" width=\"200\" height=\"200\" src=\"https:\/\/www.svsuelfeld.de\/wp-content\/uploads\/2025\/07\/Beitrag_Darts.png\" class=\"attachment-medium size-medium wp-post-image\" alt=\"\" style=\"\" srcset=\"https:\/\/www.svsuelfeld.de\/wp-content\/uploads\/2025\/07\/Beitrag_Darts.png 200w, https:\/\/www.svsuelfeld.de\/wp-content\/uploads\/2025\/07\/Beitrag_Darts-150x150.png 150w\" sizes=\"auto, (max-width: 200px) 100vw, 200px\" \/><\/a><\/div><a class=\"wp-block-latest-posts__post-title\" href=\"https:\/\/www.svsuelfeld.de\/?p=2584\">1. S\u00fclfelder Steeldarts Sommer Cup<\/a><time datetime=\"2025-05-15T09:30:35+02:00\" class=\"wp-block-latest-posts__post-date\">15. Mai 2025<\/time><div class=\"wp-block-latest-posts__post-full-content\"><!-- wp:image {\"id\":2585,\"sizeSlug\":\"full\",\"linkDestination\":\"none\"} -->\n<figure class=\"wp-block-image size-full\"><img decoding=\"async\" src=\"https:\/\/www.svsuelfeld.de\/wp-content\/uploads\/2025\/05\/Darts-Turnier.png\" alt=\"\" class=\"wp-image-2585\" \/><\/figure>\n<!-- \/wp:image --><\/div><\/li>\n<li><div class=\"wp-block-latest-posts__featured-image alignleft\"><a href=\"https:\/\/www.svsuelfeld.de\/?p=2498\" aria-label=\"Spartenbericht Nr. 8: Darts\"><img loading=\"lazy\" decoding=\"async\" width=\"300\" height=\"225\" src=\"https:\/\/www.svsuelfeld.de\/wp-content\/uploads\/2024\/11\/Spartenbericht8_2-3-300x225.jpg\" class=\"attachment-medium size-medium wp-post-image\" alt=\"\" style=\"\" srcset=\"https:\/\/www.svsuelfeld.de\/wp-content\/uploads\/2024\/11\/Spartenbericht8_2-3-300x225.jpg 300w, https:\/\/www.svsuelfeld.de\/wp-content\/uploads\/2024\/11\/Spartenbericht8_2-3.jpg 498w\" sizes=\"auto, (max-width: 300px) 100vw, 300px\" \/><\/a><\/div><a class=\"wp-block-latest-posts__post-title\" href=\"https:\/\/www.svsuelfeld.de\/?p=2498\">Spartenbericht Nr. 8: Darts<\/a><time datetime=\"2024-11-11T21:50:51+01:00\" class=\"wp-block-latest-posts__post-date\">11. November 2024<\/time><div class=\"wp-block-latest-posts__post-full-content\"><!-- wp:paragraph -->\n<p>Die Saison 2024 \/ 2025 der Dartssparte im SV S\u00fclfeld ist im vollen Gange und die beiden Mannschaften in der 1. und 2. Liga der SDKS schlagen sich gut. Beide Mannschaften liegen nach 6 Spieltagen im Mittefeld und hoffen darauf, diese Positionen zu halten.\ud83c\udfaf<\/p>\n<!-- \/wp:paragraph -->\n\n<!-- wp:paragraph -->\n<p>Aber auch um den Ligabetrieb herum, tut sich so einiges in der Sparte.<\/p>\n<!-- \/wp:paragraph -->\n\n<!-- wp:paragraph -->\n<p>Wie der Eine oder Andere wahrscheinlich schon bemerkt hat, sind die Pokale samt Regal im G\u00fcnthers verschwunden. Den Gro\u00dfteil der Pokale haben wir an einen Pokalh\u00e4ndler f\u00fcr einen kleinen Obolus verkauft und die wichtigsten \u201ealten Sch\u00e4tzchen\u201c bewahren wir auf, da diese in Vitrinen im G\u00fcnthers weiterhin ausgestellt werden sollen.<\/p>\n<!-- \/wp:paragraph -->\n\n<!-- wp:paragraph -->\n<p>Die nun freigewordene Wand wurde zur Erweiterung der Dartsanlage verwendet, an der wir, aufgrund der steigenden Zahl der Teilnehmer, 3 weitere Boards inkl. Elektrik installiert haben. In diesem Zuge wurde auch die Elektrik an den bestehenden 4 Boards installiert und die W\u00e4nde einmal frisch gestrichen. Wir finden, dass es super ausschaut.<\/p>\n<!-- \/wp:paragraph -->\n\n<!-- wp:group {\"layout\":{\"type\":\"flex\",\"flexWrap\":\"nowrap\"}} -->\n<div class=\"wp-block-group\"><!-- wp:columns -->\n<div class=\"wp-block-columns\"><!-- wp:column {\"width\":\"100%\"} -->\n<div class=\"wp-block-column\" style=\"flex-basis:100%\"><!-- wp:image {\"id\":2500,\"width\":\"345px\",\"height\":\"auto\",\"sizeSlug\":\"full\",\"linkDestination\":\"none\"} -->\n<figure class=\"wp-block-image size-full is-resized\"><img loading=\"lazy\" decoding=\"async\" width=\"505\" height=\"379\" src=\"https:\/\/www.svsuelfeld.de\/wp-content\/uploads\/2024\/11\/Spartenbericht8_1.jpg\" alt=\"\" class=\"wp-image-2500\" style=\"width:345px;height:auto\" srcset=\"https:\/\/www.svsuelfeld.de\/wp-content\/uploads\/2024\/11\/Spartenbericht8_1.jpg 505w, https:\/\/www.svsuelfeld.de\/wp-content\/uploads\/2024\/11\/Spartenbericht8_1-300x225.jpg 300w\" sizes=\"auto, (max-width: 505px) 100vw, 505px\" \/><\/figure>\n<!-- \/wp:image --><\/div>\n<!-- \/wp:column --><\/div>\n<!-- \/wp:columns --><\/div>\n<!-- \/wp:group -->\n\n<!-- wp:paragraph -->\n<p>Da s\u00e4mtliche Arbeiten in Eigenregie durchgef\u00fchrt worden sind, gilt unser Dank ALLEN, die dabei tatkr\u00e4ftig und in Eigeninitiative mitgewirkt haben. Es wurde vorgeplant, gestrichen, installiert, gebohrt und geh\u00e4mmert und das alles aus eigenem Antrieb heraus und in der Freizeit. Ich w\u00fcrde sagen, das war wieder einmal eine bomben TEAMLEISTUNG!!!&#8230;mehr SV S\u00fclfeld geht nicht!!!<\/p>\n<!-- \/wp:paragraph -->\n\n<!-- wp:paragraph -->\n<p>Auch dem Sponsor der Vert\u00e4felung und der neuen Oches, der Tischlerei Dohmen und Ardelt aus Bargteheide, und den Sponsoren der neuen Boards gilt nat\u00fcrlich auch unser allerherzlichster DANK!!!<\/p>\n<!-- \/wp:paragraph -->\n\n<!-- wp:paragraph -->\n<p>Wer sich das Ganze einmal live vor Ort angucken m\u00f6chte, ist herzlich eingeladen vorbeizukommen.<\/p>\n<!-- \/wp:paragraph -->\n\n<!-- wp:paragraph -->\n<p>Wir freuen uns auf viele Fans im G\u00fcnthers \u2013 kommt vorbei! \u201eGame on!\u201c<\/p>\n<!-- \/wp:paragraph --><\/div><\/li>\n<\/ul>\n\n\n<hr class=\"wp-block-separator has-css-opacity is-style-dots\"\/>\n\n\n\n<div class=\"wp-block-buttons is-layout-flex wp-block-buttons-is-layout-flex\">\n<div class=\"wp-block-button has-custom-width wp-block-button__width-100\"><a class=\"wp-block-button__link has-white-color has-vivid-red-background-color has-text-color has-background wp-element-button\" href=\"https:\/\/www.svsuelfeld.de\/category\/darts\/\">Hier geht es zum Beitragsarchiv<\/a><\/div>\n<\/div>\n\n\n\n<p class=\"wp-block-paragraph\"><\/p>\n","protected":false},"excerpt":{"rendered":"<p>Spartenleitung: Till Becher, Tel.: 01520\/200 70 84, Email: darts@svsuelfeld.de \u201eGame on!\u201c hei\u00dft es jetzt auch im Sportverein S\u00fclfeld.\ud83c\udfaf Die 2023 gegr\u00fcndete Dartsparte hei\u00dft jeden Willkommen, der Lust und Spa\u00df am Pfeilewerfen hat. Egal ob Anf\u00e4nger oder Fortgeschrittener, kommt vorbei und trainiert mit! Der Dartsport ist im Kommen, ist f\u00fcr jeden zu erlernen und macht riesigen [&hellip;]<\/p>\n","protected":false},"author":1,"featured_media":0,"parent":0,"menu_order":0,"comment_status":"closed","ping_status":"closed","template":"","meta":{"_crdt_document":"","pgc_sgb_lightbox_settings":"","footnotes":""},"class_list":["post-2128","page","type-page","status-publish","hentry"],"yoast_head":"<!-- This site is optimized with the Yoast SEO plugin v27.3 - https:\/\/yoast.com\/product\/yoast-seo-wordpress\/ -->\n<title>Darts - SV S\u00fclfeld<\/title>\n<meta name=\"robots\" content=\"index, follow, max-snippet:-1, max-image-preview:large, max-video-preview:-1\" \/>\n<link rel=\"canonical\" href=\"https:\/\/www.svsuelfeld.de\/?page_id=2128\" \/>\n<meta property=\"og:locale\" content=\"de_DE\" \/>\n<meta property=\"og:type\" content=\"article\" \/>\n<meta property=\"og:title\" content=\"Darts - SV S\u00fclfeld\" \/>\n<meta property=\"og:description\" content=\"Spartenleitung: Till Becher, Tel.: 01520\/200 70 84, Email: darts@svsuelfeld.de \u201eGame on!\u201c hei\u00dft es jetzt auch im Sportverein S\u00fclfeld.\ud83c\udfaf Die 2023 gegr\u00fcndete Dartsparte hei\u00dft jeden Willkommen, der Lust und Spa\u00df am Pfeilewerfen hat. Egal ob Anf\u00e4nger oder Fortgeschrittener, kommt vorbei und trainiert mit! Der Dartsport ist im Kommen, ist f\u00fcr jeden zu erlernen und macht riesigen [&hellip;]\" \/>\n<meta property=\"og:url\" content=\"https:\/\/www.svsuelfeld.de\/?page_id=2128\" \/>\n<meta property=\"og:site_name\" content=\"SV S\u00fclfeld\" \/>\n<meta property=\"article:publisher\" content=\"https:\/\/de-de.facebook.com\/svsuelfeld\/\" \/>\n<meta property=\"article:modified_time\" content=\"2023-05-04T06:02:12+00:00\" \/>\n<meta property=\"og:image\" content=\"https:\/\/www.svsuelfeld.de\/wp-content\/uploads\/2023\/04\/darts-g34bae5fd2_1920-1-1024x683.jpg\" \/>\n<meta name=\"twitter:card\" content=\"summary_large_image\" \/>\n<meta name=\"twitter:label1\" content=\"Gesch\u00e4tzte Lesezeit\" \/>\n\t<meta name=\"twitter:data1\" content=\"1\u00a0Minute\" \/>\n<script type=\"application\/ld+json\" class=\"yoast-schema-graph\">{\"@context\":\"https:\\\/\\\/schema.org\",\"@graph\":[{\"@type\":\"WebPage\",\"@id\":\"https:\\\/\\\/www.svsuelfeld.de\\\/?page_id=2128\",\"url\":\"https:\\\/\\\/www.svsuelfeld.de\\\/?page_id=2128\",\"name\":\"Darts - SV S\u00fclfeld\",\"isPartOf\":{\"@id\":\"https:\\\/\\\/www.svsuelfeld.de\\\/#website\"},\"primaryImageOfPage\":{\"@id\":\"https:\\\/\\\/www.svsuelfeld.de\\\/?page_id=2128#primaryimage\"},\"image\":{\"@id\":\"https:\\\/\\\/www.svsuelfeld.de\\\/?page_id=2128#primaryimage\"},\"thumbnailUrl\":\"https:\\\/\\\/www.svsuelfeld.de\\\/wp-content\\\/uploads\\\/2023\\\/04\\\/darts-g34bae5fd2_1920-1-1024x683.jpg\",\"datePublished\":\"2023-04-04T10:40:29+00:00\",\"dateModified\":\"2023-05-04T06:02:12+00:00\",\"breadcrumb\":{\"@id\":\"https:\\\/\\\/www.svsuelfeld.de\\\/?page_id=2128#breadcrumb\"},\"inLanguage\":\"de\",\"potentialAction\":[{\"@type\":\"ReadAction\",\"target\":[\"https:\\\/\\\/www.svsuelfeld.de\\\/?page_id=2128\"]}]},{\"@type\":\"ImageObject\",\"inLanguage\":\"de\",\"@id\":\"https:\\\/\\\/www.svsuelfeld.de\\\/?page_id=2128#primaryimage\",\"url\":\"https:\\\/\\\/www.svsuelfeld.de\\\/wp-content\\\/uploads\\\/2023\\\/04\\\/darts-g34bae5fd2_1920-1.jpg\",\"contentUrl\":\"https:\\\/\\\/www.svsuelfeld.de\\\/wp-content\\\/uploads\\\/2023\\\/04\\\/darts-g34bae5fd2_1920-1.jpg\",\"width\":1920,\"height\":1280},{\"@type\":\"BreadcrumbList\",\"@id\":\"https:\\\/\\\/www.svsuelfeld.de\\\/?page_id=2128#breadcrumb\",\"itemListElement\":[{\"@type\":\"ListItem\",\"position\":1,\"name\":\"Startseite\",\"item\":\"https:\\\/\\\/www.svsuelfeld.de\\\/\"},{\"@type\":\"ListItem\",\"position\":2,\"name\":\"Darts\"}]},{\"@type\":\"WebSite\",\"@id\":\"https:\\\/\\\/www.svsuelfeld.de\\\/#website\",\"url\":\"https:\\\/\\\/www.svsuelfeld.de\\\/\",\"name\":\"SV S\u00fclfeld\",\"description\":\"...mehr S\u00fclfeld geht nicht\",\"publisher\":{\"@id\":\"https:\\\/\\\/www.svsuelfeld.de\\\/#organization\"},\"potentialAction\":[{\"@type\":\"SearchAction\",\"target\":{\"@type\":\"EntryPoint\",\"urlTemplate\":\"https:\\\/\\\/www.svsuelfeld.de\\\/?s={search_term_string}\"},\"query-input\":{\"@type\":\"PropertyValueSpecification\",\"valueRequired\":true,\"valueName\":\"search_term_string\"}}],\"inLanguage\":\"de\"},{\"@type\":\"Organization\",\"@id\":\"https:\\\/\\\/www.svsuelfeld.de\\\/#organization\",\"name\":\"SV S\u00fclfeld\",\"url\":\"https:\\\/\\\/www.svsuelfeld.de\\\/\",\"logo\":{\"@type\":\"ImageObject\",\"inLanguage\":\"de\",\"@id\":\"https:\\\/\\\/www.svsuelfeld.de\\\/#\\\/schema\\\/logo\\\/image\\\/\",\"url\":\"https:\\\/\\\/www.svsuelfeld.de\\\/wp-content\\\/uploads\\\/2022\\\/06\\\/cropped-svs-logo.png\",\"contentUrl\":\"https:\\\/\\\/www.svsuelfeld.de\\\/wp-content\\\/uploads\\\/2022\\\/06\\\/cropped-svs-logo.png\",\"width\":210,\"height\":210,\"caption\":\"SV S\u00fclfeld\"},\"image\":{\"@id\":\"https:\\\/\\\/www.svsuelfeld.de\\\/#\\\/schema\\\/logo\\\/image\\\/\"},\"sameAs\":[\"https:\\\/\\\/de-de.facebook.com\\\/svsuelfeld\\\/\"]}]}<\/script>\n<!-- \/ Yoast SEO plugin. -->","yoast_head_json":{"title":"Darts - SV S\u00fclfeld","robots":{"index":"index","follow":"follow","max-snippet":"max-snippet:-1","max-image-preview":"max-image-preview:large","max-video-preview":"max-video-preview:-1"},"canonical":"https:\/\/www.svsuelfeld.de\/?page_id=2128","og_locale":"de_DE","og_type":"article","og_title":"Darts - SV S\u00fclfeld","og_description":"Spartenleitung: Till Becher, Tel.: 01520\/200 70 84, Email: darts@svsuelfeld.de \u201eGame on!\u201c hei\u00dft es jetzt auch im Sportverein S\u00fclfeld.\ud83c\udfaf Die 2023 gegr\u00fcndete Dartsparte hei\u00dft jeden Willkommen, der Lust und Spa\u00df am Pfeilewerfen hat. Egal ob Anf\u00e4nger oder Fortgeschrittener, kommt vorbei und trainiert mit! Der Dartsport ist im Kommen, ist f\u00fcr jeden zu erlernen und macht riesigen [&hellip;]","og_url":"https:\/\/www.svsuelfeld.de\/?page_id=2128","og_site_name":"SV S\u00fclfeld","article_publisher":"https:\/\/de-de.facebook.com\/svsuelfeld\/","article_modified_time":"2023-05-04T06:02:12+00:00","og_image":[{"url":"https:\/\/www.svsuelfeld.de\/wp-content\/uploads\/2023\/04\/darts-g34bae5fd2_1920-1-1024x683.jpg","type":"","width":"","height":""}],"twitter_card":"summary_large_image","twitter_misc":{"Gesch\u00e4tzte Lesezeit":"1\u00a0Minute"},"schema":{"@context":"https:\/\/schema.org","@graph":[{"@type":"WebPage","@id":"https:\/\/www.svsuelfeld.de\/?page_id=2128","url":"https:\/\/www.svsuelfeld.de\/?page_id=2128","name":"Darts - SV S\u00fclfeld","isPartOf":{"@id":"https:\/\/www.svsuelfeld.de\/#website"},"primaryImageOfPage":{"@id":"https:\/\/www.svsuelfeld.de\/?page_id=2128#primaryimage"},"image":{"@id":"https:\/\/www.svsuelfeld.de\/?page_id=2128#primaryimage"},"thumbnailUrl":"https:\/\/www.svsuelfeld.de\/wp-content\/uploads\/2023\/04\/darts-g34bae5fd2_1920-1-1024x683.jpg","datePublished":"2023-04-04T10:40:29+00:00","dateModified":"2023-05-04T06:02:12+00:00","breadcrumb":{"@id":"https:\/\/www.svsuelfeld.de\/?page_id=2128#breadcrumb"},"inLanguage":"de","potentialAction":[{"@type":"ReadAction","target":["https:\/\/www.svsuelfeld.de\/?page_id=2128"]}]},{"@type":"ImageObject","inLanguage":"de","@id":"https:\/\/www.svsuelfeld.de\/?page_id=2128#primaryimage","url":"https:\/\/www.svsuelfeld.de\/wp-content\/uploads\/2023\/04\/darts-g34bae5fd2_1920-1.jpg","contentUrl":"https:\/\/www.svsuelfeld.de\/wp-content\/uploads\/2023\/04\/darts-g34bae5fd2_1920-1.jpg","width":1920,"height":1280},{"@type":"BreadcrumbList","@id":"https:\/\/www.svsuelfeld.de\/?page_id=2128#breadcrumb","itemListElement":[{"@type":"ListItem","position":1,"name":"Startseite","item":"https:\/\/www.svsuelfeld.de\/"},{"@type":"ListItem","position":2,"name":"Darts"}]},{"@type":"WebSite","@id":"https:\/\/www.svsuelfeld.de\/#website","url":"https:\/\/www.svsuelfeld.de\/","name":"SV S\u00fclfeld","description":"...mehr S\u00fclfeld geht nicht","publisher":{"@id":"https:\/\/www.svsuelfeld.de\/#organization"},"potentialAction":[{"@type":"SearchAction","target":{"@type":"EntryPoint","urlTemplate":"https:\/\/www.svsuelfeld.de\/?s={search_term_string}"},"query-input":{"@type":"PropertyValueSpecification","valueRequired":true,"valueName":"search_term_string"}}],"inLanguage":"de"},{"@type":"Organization","@id":"https:\/\/www.svsuelfeld.de\/#organization","name":"SV S\u00fclfeld","url":"https:\/\/www.svsuelfeld.de\/","logo":{"@type":"ImageObject","inLanguage":"de","@id":"https:\/\/www.svsuelfeld.de\/#\/schema\/logo\/image\/","url":"https:\/\/www.svsuelfeld.de\/wp-content\/uploads\/2022\/06\/cropped-svs-logo.png","contentUrl":"https:\/\/www.svsuelfeld.de\/wp-content\/uploads\/2022\/06\/cropped-svs-logo.png","width":210,"height":210,"caption":"SV S\u00fclfeld"},"image":{"@id":"https:\/\/www.svsuelfeld.de\/#\/schema\/logo\/image\/"},"sameAs":["https:\/\/de-de.facebook.com\/svsuelfeld\/"]}]}},"publishpress_future_action":{"enabled":false,"date":"2026-04-10 23:15:37","action":"change-status","newStatus":"draft","terms":[],"taxonomy":"","extraData":[]},"publishpress_future_workflow_manual_trigger":{"enabledWorkflows":[]},"_links":{"self":[{"href":"https:\/\/www.svsuelfeld.de\/index.php?rest_route=\/wp\/v2\/pages\/2128","targetHints":{"allow":["GET"]}}],"collection":[{"href":"https:\/\/www.svsuelfeld.de\/index.php?rest_route=\/wp\/v2\/pages"}],"about":[{"href":"https:\/\/www.svsuelfeld.de\/index.php?rest_route=\/wp\/v2\/types\/page"}],"author":[{"embeddable":true,"href":"https:\/\/www.svsuelfeld.de\/index.php?rest_route=\/wp\/v2\/users\/1"}],"replies":[{"embeddable":true,"href":"https:\/\/www.svsuelfeld.de\/index.php?rest_route=%2Fwp%2Fv2%2Fcomments&post=2128"}],"version-history":[{"count":5,"href":"https:\/\/www.svsuelfeld.de\/index.php?rest_route=\/wp\/v2\/pages\/2128\/revisions"}],"predecessor-version":[{"id":2241,"href":"https:\/\/www.svsuelfeld.de\/index.php?rest_route=\/wp\/v2\/pages\/2128\/revisions\/2241"}],"wp:attachment":[{"href":"https:\/\/www.svsuelfeld.de\/index.php?rest_route=%2Fwp%2Fv2%2Fmedia&parent=2128"}],"curies":[{"name":"wp","href":"https:\/\/api.w.org\/{rel}","templated":true}]}}