{"id":241,"date":"2022-02-25T09:47:41","date_gmt":"2022-02-25T08:47:41","guid":{"rendered":"https:\/\/www.svsuelfeld.de\/?page_id=241"},"modified":"2026-02-12T20:12:06","modified_gmt":"2026-02-12T19:12:06","slug":"der-verein","status":"publish","type":"page","link":"https:\/\/www.svsuelfeld.de\/?page_id=241","title":{"rendered":"Der Verein"},"content":{"rendered":"\n<hr class=\"wp-block-separator has-css-opacity is-style-dots\"\/>\n\n\n\n<p class=\"wp-block-paragraph\">Der SV S\u00fclfeld&nbsp;wurde am 1920 gegr\u00fcndet und besteht zur Zeit aus 10 Sparten mit insgesamt&nbsp;ca. 850 Mitgliedern (aktiv und passiv).<\/p>\n\n\n\n<h2 class=\"wp-block-heading\">Sportlerheim:&nbsp;<\/h2>\n\n\n\n<ul class=\"wp-block-list\">\n<li>&#8222;G\u00fcnthers&#8220;, An der Wildkoppel, 23867 S\u00fclfeld, Tel. 04537-7711<\/li>\n<\/ul>\n\n\n\n<hr class=\"wp-block-separator has-css-opacity is-style-dots\"\/>\n\n\n\n<h2 class=\"wp-block-heading\">Der gesch\u00e4ftsf\u00fchrende Vorstand:<\/h2>\n\n\n\n<figure class=\"wp-block-table\"><table><tbody><tr><td><strong>Vorstandsprecher<\/strong><\/td><td><strong>Finanzen<\/strong><\/td><td><strong>Vorstand<\/strong><\/td><td><strong>Vorstand<\/strong><\/td><\/tr><tr><td>Daniel Spethmann<br>0170-3026414<\/td><td>Carina Bast<em><br><\/em>0152-29000711<\/td><td>Nele Skotarczak<br>0176-30472848<\/td><td><a href=\"mailto:vorstand@svsuelfeld.de\"><br><\/a><em>z. Zt. vakant<\/em><br><\/td><\/tr><tr><td><strong>Vorstand<\/strong><\/td><td>1. <strong>Beisitzer<\/strong><\/td><td>2. <strong>Beisitzer<\/strong><\/td><td><strong>Schriftf\u00fchrerin<\/strong><\/td><\/tr><tr><td><em>z. Zt. vakant<\/em><\/td><td>Hans-Koachim Kloock<br>0173-9343271<\/td><td><em>z. Zt. vakant<\/em><\/td><td>Felina Spethmann<br>0160-90390092<\/td><\/tr><\/tbody><\/table><\/figure>\n\n\n\n<h3 class=\"wp-block-heading\">Der Gesamtvorstand:<\/h3>\n\n\n\n<figure class=\"wp-block-table\"><table class=\"has-fixed-layout\"><tbody><tr><td><strong>Name<\/strong><\/td><td><strong>Sparte\/Funktion<\/strong><\/td><td><strong>Telefon<\/strong><\/td><td><strong>Kontakt<\/strong><\/td><\/tr><tr><td>Michael Feierke<\/td><td>Fussball Senioren<\/td><td>0176-83110170<\/td><td><\/td><\/tr><tr><td>Ralf Ewen<\/td><td>Fussball Junioren<\/td><td>0173-7978720<\/td><td><\/td><\/tr><tr><td>Lena Ewen<\/td><td>Handball Senioren<\/td><td>0162-7103352<\/td><td><\/td><\/tr><tr><td>Asija Bertram<\/td><td>Handball Junioren<\/td><td>0174-2161276<\/td><td><\/td><\/tr><tr><td>Paulina Br\u00f6cker<\/td><td>Fitness<\/td><td>0162-8439175<\/td><td><\/td><\/tr><tr><td>Andrea Wahls<\/td><td>Juniorsport<\/td><td><\/td><td><\/td><\/tr><tr><td>Till Becher<\/td><td>Darts<\/td><td><\/td><td><\/td><\/tr><tr><td>J\u00fcrgen Helm<\/td><td>Badminton<\/td><td><\/td><td><\/td><\/tr><tr><td>Tilman Schwarz<\/td><td>Volleyball<\/td><td>0172-9175878<\/td><td><\/td><\/tr><tr><td>Nadine R\u00f6nsch<\/td><td>Turnierhundesport<\/td><td>0160-92330549<\/td><td><\/td><\/tr><tr><td>Lennart L\u00f6cke<\/td><td>Radsport<\/td><td>0176-17751526<\/td><td><\/td><\/tr><\/tbody><\/table><\/figure>\n\n\n\n<p class=\"wp-block-paragraph\"><\/p>\n","protected":false},"excerpt":{"rendered":"<p>Der SV S\u00fclfeld&nbsp;wurde am 1920 gegr\u00fcndet und besteht zur Zeit aus 10 Sparten mit insgesamt&nbsp;ca. 850 Mitgliedern (aktiv und passiv). Sportlerheim:&nbsp; Der gesch\u00e4ftsf\u00fchrende Vorstand: Vorstandsprecher Finanzen Vorstand Vorstand Daniel Spethmann0170-3026414 Carina Bast0152-29000711 Nele Skotarczak0176-30472848 z. Zt. vakant Vorstand 1. Beisitzer 2. Beisitzer Schriftf\u00fchrerin z. Zt. vakant Hans-Koachim Kloock0173-9343271 z. Zt. vakant Felina Spethmann0160-90390092 Der Gesamtvorstand: [&hellip;]<\/p>\n","protected":false},"author":13,"featured_media":705,"parent":0,"menu_order":0,"comment_status":"closed","ping_status":"closed","template":"","meta":{"_crdt_document":"","pgc_sgb_lightbox_settings":"","footnotes":""},"class_list":["post-241","page","type-page","status-publish","has-post-thumbnail","hentry"],"yoast_head":"<!-- This site is optimized with the Yoast SEO plugin v27.3 - https:\/\/yoast.com\/product\/yoast-seo-wordpress\/ -->\n<title>Der Verein - SV S\u00fclfeld<\/title>\n<meta name=\"robots\" content=\"index, follow, max-snippet:-1, max-image-preview:large, max-video-preview:-1\" \/>\n<link rel=\"canonical\" href=\"https:\/\/www.svsuelfeld.de\/?page_id=241\" \/>\n<meta property=\"og:locale\" content=\"de_DE\" \/>\n<meta property=\"og:type\" content=\"article\" \/>\n<meta property=\"og:title\" content=\"Der Verein - SV S\u00fclfeld\" \/>\n<meta property=\"og:description\" content=\"Der SV S\u00fclfeld&nbsp;wurde am 1920 gegr\u00fcndet und besteht zur Zeit aus 10 Sparten mit insgesamt&nbsp;ca. 850 Mitgliedern (aktiv und passiv). Sportlerheim:&nbsp; Der gesch\u00e4ftsf\u00fchrende Vorstand: Vorstandsprecher Finanzen Vorstand Vorstand Daniel Spethmann0170-3026414 Carina Bast0152-29000711 Nele Skotarczak0176-30472848 z. Zt. vakant Vorstand 1. Beisitzer 2. Beisitzer Schriftf\u00fchrerin z. Zt. vakant Hans-Koachim Kloock0173-9343271 z. Zt. vakant Felina Spethmann0160-90390092 Der Gesamtvorstand: [&hellip;]\" \/>\n<meta property=\"og:url\" content=\"https:\/\/www.svsuelfeld.de\/?page_id=241\" \/>\n<meta property=\"og:site_name\" content=\"SV S\u00fclfeld\" \/>\n<meta property=\"article:publisher\" content=\"https:\/\/de-de.facebook.com\/svsuelfeld\/\" \/>\n<meta property=\"article:modified_time\" content=\"2026-02-12T19:12:06+00:00\" \/>\n<meta property=\"og:image\" content=\"https:\/\/www.svsuelfeld.de\/wp-content\/uploads\/2022\/03\/sportplatz.png\" \/>\n\t<meta property=\"og:image:width\" content=\"1822\" \/>\n\t<meta property=\"og:image:height\" content=\"568\" \/>\n\t<meta property=\"og:image:type\" content=\"image\/png\" \/>\n<meta name=\"twitter:card\" content=\"summary_large_image\" \/>\n<meta name=\"twitter:label1\" content=\"Gesch\u00e4tzte Lesezeit\" \/>\n\t<meta name=\"twitter:data1\" content=\"1\u00a0Minute\" \/>\n<script type=\"application\/ld+json\" class=\"yoast-schema-graph\">{\"@context\":\"https:\\\/\\\/schema.org\",\"@graph\":[{\"@type\":[\"WebPage\",\"CollectionPage\"],\"@id\":\"https:\\\/\\\/www.svsuelfeld.de\\\/?page_id=241\",\"url\":\"https:\\\/\\\/www.svsuelfeld.de\\\/?page_id=241\",\"name\":\"Der Verein - SV S\u00fclfeld\",\"isPartOf\":{\"@id\":\"https:\\\/\\\/www.svsuelfeld.de\\\/#website\"},\"primaryImageOfPage\":{\"@id\":\"https:\\\/\\\/www.svsuelfeld.de\\\/?page_id=241#primaryimage\"},\"image\":{\"@id\":\"https:\\\/\\\/www.svsuelfeld.de\\\/?page_id=241#primaryimage\"},\"thumbnailUrl\":\"https:\\\/\\\/www.svsuelfeld.de\\\/wp-content\\\/uploads\\\/2022\\\/03\\\/sportplatz.png\",\"datePublished\":\"2022-02-25T08:47:41+00:00\",\"dateModified\":\"2026-02-12T19:12:06+00:00\",\"breadcrumb\":{\"@id\":\"https:\\\/\\\/www.svsuelfeld.de\\\/?page_id=241#breadcrumb\"},\"inLanguage\":\"de\"},{\"@type\":\"ImageObject\",\"inLanguage\":\"de\",\"@id\":\"https:\\\/\\\/www.svsuelfeld.de\\\/?page_id=241#primaryimage\",\"url\":\"https:\\\/\\\/www.svsuelfeld.de\\\/wp-content\\\/uploads\\\/2022\\\/03\\\/sportplatz.png\",\"contentUrl\":\"https:\\\/\\\/www.svsuelfeld.de\\\/wp-content\\\/uploads\\\/2022\\\/03\\\/sportplatz.png\",\"width\":1822,\"height\":568},{\"@type\":\"BreadcrumbList\",\"@id\":\"https:\\\/\\\/www.svsuelfeld.de\\\/?page_id=241#breadcrumb\",\"itemListElement\":[{\"@type\":\"ListItem\",\"position\":1,\"name\":\"Startseite\",\"item\":\"https:\\\/\\\/www.svsuelfeld.de\\\/\"},{\"@type\":\"ListItem\",\"position\":2,\"name\":\"Der Verein\"}]},{\"@type\":\"WebSite\",\"@id\":\"https:\\\/\\\/www.svsuelfeld.de\\\/#website\",\"url\":\"https:\\\/\\\/www.svsuelfeld.de\\\/\",\"name\":\"SV S\u00fclfeld\",\"description\":\"...mehr S\u00fclfeld geht nicht\",\"publisher\":{\"@id\":\"https:\\\/\\\/www.svsuelfeld.de\\\/#organization\"},\"potentialAction\":[{\"@type\":\"SearchAction\",\"target\":{\"@type\":\"EntryPoint\",\"urlTemplate\":\"https:\\\/\\\/www.svsuelfeld.de\\\/?s={search_term_string}\"},\"query-input\":{\"@type\":\"PropertyValueSpecification\",\"valueRequired\":true,\"valueName\":\"search_term_string\"}}],\"inLanguage\":\"de\"},{\"@type\":\"Organization\",\"@id\":\"https:\\\/\\\/www.svsuelfeld.de\\\/#organization\",\"name\":\"SV S\u00fclfeld\",\"url\":\"https:\\\/\\\/www.svsuelfeld.de\\\/\",\"logo\":{\"@type\":\"ImageObject\",\"inLanguage\":\"de\",\"@id\":\"https:\\\/\\\/www.svsuelfeld.de\\\/#\\\/schema\\\/logo\\\/image\\\/\",\"url\":\"https:\\\/\\\/www.svsuelfeld.de\\\/wp-content\\\/uploads\\\/2022\\\/06\\\/cropped-svs-logo.png\",\"contentUrl\":\"https:\\\/\\\/www.svsuelfeld.de\\\/wp-content\\\/uploads\\\/2022\\\/06\\\/cropped-svs-logo.png\",\"width\":210,\"height\":210,\"caption\":\"SV S\u00fclfeld\"},\"image\":{\"@id\":\"https:\\\/\\\/www.svsuelfeld.de\\\/#\\\/schema\\\/logo\\\/image\\\/\"},\"sameAs\":[\"https:\\\/\\\/de-de.facebook.com\\\/svsuelfeld\\\/\"]}]}<\/script>\n<!-- \/ Yoast SEO plugin. -->","yoast_head_json":{"title":"Der Verein - SV S\u00fclfeld","robots":{"index":"index","follow":"follow","max-snippet":"max-snippet:-1","max-image-preview":"max-image-preview:large","max-video-preview":"max-video-preview:-1"},"canonical":"https:\/\/www.svsuelfeld.de\/?page_id=241","og_locale":"de_DE","og_type":"article","og_title":"Der Verein - SV S\u00fclfeld","og_description":"Der SV S\u00fclfeld&nbsp;wurde am 1920 gegr\u00fcndet und besteht zur Zeit aus 10 Sparten mit insgesamt&nbsp;ca. 850 Mitgliedern (aktiv und passiv). Sportlerheim:&nbsp; Der gesch\u00e4ftsf\u00fchrende Vorstand: Vorstandsprecher Finanzen Vorstand Vorstand Daniel Spethmann0170-3026414 Carina Bast0152-29000711 Nele Skotarczak0176-30472848 z. Zt. vakant Vorstand 1. Beisitzer 2. Beisitzer Schriftf\u00fchrerin z. Zt. vakant Hans-Koachim Kloock0173-9343271 z. Zt. vakant Felina Spethmann0160-90390092 Der Gesamtvorstand: [&hellip;]","og_url":"https:\/\/www.svsuelfeld.de\/?page_id=241","og_site_name":"SV S\u00fclfeld","article_publisher":"https:\/\/de-de.facebook.com\/svsuelfeld\/","article_modified_time":"2026-02-12T19:12:06+00:00","og_image":[{"width":1822,"height":568,"url":"https:\/\/www.svsuelfeld.de\/wp-content\/uploads\/2022\/03\/sportplatz.png","type":"image\/png"}],"twitter_card":"summary_large_image","twitter_misc":{"Gesch\u00e4tzte Lesezeit":"1\u00a0Minute"},"schema":{"@context":"https:\/\/schema.org","@graph":[{"@type":["WebPage","CollectionPage"],"@id":"https:\/\/www.svsuelfeld.de\/?page_id=241","url":"https:\/\/www.svsuelfeld.de\/?page_id=241","name":"Der Verein - SV S\u00fclfeld","isPartOf":{"@id":"https:\/\/www.svsuelfeld.de\/#website"},"primaryImageOfPage":{"@id":"https:\/\/www.svsuelfeld.de\/?page_id=241#primaryimage"},"image":{"@id":"https:\/\/www.svsuelfeld.de\/?page_id=241#primaryimage"},"thumbnailUrl":"https:\/\/www.svsuelfeld.de\/wp-content\/uploads\/2022\/03\/sportplatz.png","datePublished":"2022-02-25T08:47:41+00:00","dateModified":"2026-02-12T19:12:06+00:00","breadcrumb":{"@id":"https:\/\/www.svsuelfeld.de\/?page_id=241#breadcrumb"},"inLanguage":"de"},{"@type":"ImageObject","inLanguage":"de","@id":"https:\/\/www.svsuelfeld.de\/?page_id=241#primaryimage","url":"https:\/\/www.svsuelfeld.de\/wp-content\/uploads\/2022\/03\/sportplatz.png","contentUrl":"https:\/\/www.svsuelfeld.de\/wp-content\/uploads\/2022\/03\/sportplatz.png","width":1822,"height":568},{"@type":"BreadcrumbList","@id":"https:\/\/www.svsuelfeld.de\/?page_id=241#breadcrumb","itemListElement":[{"@type":"ListItem","position":1,"name":"Startseite","item":"https:\/\/www.svsuelfeld.de\/"},{"@type":"ListItem","position":2,"name":"Der Verein"}]},{"@type":"WebSite","@id":"https:\/\/www.svsuelfeld.de\/#website","url":"https:\/\/www.svsuelfeld.de\/","name":"SV S\u00fclfeld","description":"...mehr S\u00fclfeld geht nicht","publisher":{"@id":"https:\/\/www.svsuelfeld.de\/#organization"},"potentialAction":[{"@type":"SearchAction","target":{"@type":"EntryPoint","urlTemplate":"https:\/\/www.svsuelfeld.de\/?s={search_term_string}"},"query-input":{"@type":"PropertyValueSpecification","valueRequired":true,"valueName":"search_term_string"}}],"inLanguage":"de"},{"@type":"Organization","@id":"https:\/\/www.svsuelfeld.de\/#organization","name":"SV S\u00fclfeld","url":"https:\/\/www.svsuelfeld.de\/","logo":{"@type":"ImageObject","inLanguage":"de","@id":"https:\/\/www.svsuelfeld.de\/#\/schema\/logo\/image\/","url":"https:\/\/www.svsuelfeld.de\/wp-content\/uploads\/2022\/06\/cropped-svs-logo.png","contentUrl":"https:\/\/www.svsuelfeld.de\/wp-content\/uploads\/2022\/06\/cropped-svs-logo.png","width":210,"height":210,"caption":"SV S\u00fclfeld"},"image":{"@id":"https:\/\/www.svsuelfeld.de\/#\/schema\/logo\/image\/"},"sameAs":["https:\/\/de-de.facebook.com\/svsuelfeld\/"]}]}},"publishpress_future_action":{"enabled":false,"date":"2026-04-10 22:25:31","action":"change-status","newStatus":"draft","terms":[],"taxonomy":"","extraData":[]},"publishpress_future_workflow_manual_trigger":{"enabledWorkflows":[]},"_links":{"self":[{"href":"https:\/\/www.svsuelfeld.de\/index.php?rest_route=\/wp\/v2\/pages\/241","targetHints":{"allow":["GET"]}}],"collection":[{"href":"https:\/\/www.svsuelfeld.de\/index.php?rest_route=\/wp\/v2\/pages"}],"about":[{"href":"https:\/\/www.svsuelfeld.de\/index.php?rest_route=\/wp\/v2\/types\/page"}],"author":[{"embeddable":true,"href":"https:\/\/www.svsuelfeld.de\/index.php?rest_route=\/wp\/v2\/users\/13"}],"replies":[{"embeddable":true,"href":"https:\/\/www.svsuelfeld.de\/index.php?rest_route=%2Fwp%2Fv2%2Fcomments&post=241"}],"version-history":[{"count":9,"href":"https:\/\/www.svsuelfeld.de\/index.php?rest_route=\/wp\/v2\/pages\/241\/revisions"}],"predecessor-version":[{"id":2868,"href":"https:\/\/www.svsuelfeld.de\/index.php?rest_route=\/wp\/v2\/pages\/241\/revisions\/2868"}],"wp:featuredmedia":[{"embeddable":true,"href":"https:\/\/www.svsuelfeld.de\/index.php?rest_route=\/wp\/v2\/media\/705"}],"wp:attachment":[{"href":"https:\/\/www.svsuelfeld.de\/index.php?rest_route=%2Fwp%2Fv2%2Fmedia&parent=241"}],"curies":[{"name":"wp","href":"https:\/\/api.w.org\/{rel}","templated":true}]}}