{"id":2472,"date":"2024-10-27T21:59:59","date_gmt":"2024-10-27T20:59:59","guid":{"rendered":"https:\/\/www.svsuelfeld.de\/?page_id=2472"},"modified":"2025-10-02T15:23:34","modified_gmt":"2025-10-02T13:23:34","slug":"mitgliedschaft-neu","status":"publish","type":"page","link":"https:\/\/www.svsuelfeld.de\/?page_id=2472","title":{"rendered":"Antrag auf Mitgliedschaft"},"content":{"rendered":"\n<p class=\"wp-block-paragraph\">Mitglied in unserem Verein kann jeder werden. Hier kannst Du unseren Mitgliedsantrag online ausf\u00fcllen. <strong>Mit einem * gekennzeichnete Felder m\u00fcssen ausgef\u00fcllt werden.<\/strong> Bitte beachte, dass du den Mitgliedsantrag erst absenden kannst, <strong>nachdem<\/strong> deine E-Mail-Adresse best\u00e4tigt wurde. Dr\u00fccke dazu unten einfach auf den Button <strong>&#8222;Code senden&#8220;<\/strong> und trage dann den Code, welcher dir per E-Mail zugesendet wird, in das entsprechende Feld ein. Falls du den Code nicht erhalten hast, pr\u00fcfe bitte auch deinen Spam-Ordner. <\/p>\n\n\n\n<p class=\"wp-block-paragraph\"><strong>Wichtig! F\u00fcr eine Familienmitgliedschaft m\u00fcssen s\u00e4mtliche Mitglieder Deiner Familie ebenfalls erfasst werden. W\u00e4hle bitte daf\u00fcr das Formular &#8222;Eintrittsformular f\u00fcr Familienmitglieder&#8220; aus. Dort entf\u00e4llt der Punkt der Bankverbindung.<\/strong><\/p>\n\n\n\n<p class=\"wp-block-paragraph\">Bei Fragen zum Mitgliedsantrag wende dich gerne an uns unter <a href=\"mailto:mitglieder@svsuelfeld.de\">mitglieder@svsuelfeld.de<\/a>.<\/p>\n\n\n\n<iframe src=\"https:\/\/easyverein.com\/public\/SVS1920ev\/applicationform\/11188?iframe=True\" style=\"width: 100%; min-height: 800px;\">\n\n\n\n<p class=\"wp-block-paragraph\"><\/p>\n","protected":false},"excerpt":{"rendered":"<p>Mitglied in unserem Verein kann jeder werden. Hier kannst Du unseren Mitgliedsantrag online ausf\u00fcllen. Mit einem * gekennzeichnete Felder m\u00fcssen ausgef\u00fcllt werden. Bitte beachte, dass du den Mitgliedsantrag erst absenden kannst, nachdem deine E-Mail-Adresse best\u00e4tigt wurde. Dr\u00fccke dazu unten einfach auf den Button &#8222;Code senden&#8220; und trage dann den Code, welcher dir per E-Mail zugesendet [&hellip;]<\/p>\n","protected":false},"author":13,"featured_media":0,"parent":0,"menu_order":0,"comment_status":"closed","ping_status":"closed","template":"","meta":{"_crdt_document":"","pgc_sgb_lightbox_settings":"","footnotes":""},"class_list":["post-2472","page","type-page","status-publish","hentry"],"yoast_head":"<!-- This site is optimized with the Yoast SEO plugin v27.3 - https:\/\/yoast.com\/product\/yoast-seo-wordpress\/ -->\n<title>Antrag auf Mitgliedschaft - SV S\u00fclfeld<\/title>\n<meta name=\"robots\" content=\"index, follow, max-snippet:-1, max-image-preview:large, max-video-preview:-1\" \/>\n<link rel=\"canonical\" href=\"https:\/\/www.svsuelfeld.de\/?page_id=2472\" \/>\n<meta property=\"og:locale\" content=\"de_DE\" \/>\n<meta property=\"og:type\" content=\"article\" \/>\n<meta property=\"og:title\" content=\"Antrag auf Mitgliedschaft - SV S\u00fclfeld\" \/>\n<meta property=\"og:description\" content=\"Mitglied in unserem Verein kann jeder werden. Hier kannst Du unseren Mitgliedsantrag online ausf\u00fcllen. Mit einem * gekennzeichnete Felder m\u00fcssen ausgef\u00fcllt werden. Bitte beachte, dass du den Mitgliedsantrag erst absenden kannst, nachdem deine E-Mail-Adresse best\u00e4tigt wurde. Dr\u00fccke dazu unten einfach auf den Button &#8222;Code senden&#8220; und trage dann den Code, welcher dir per E-Mail zugesendet [&hellip;]\" \/>\n<meta property=\"og:url\" content=\"https:\/\/www.svsuelfeld.de\/?page_id=2472\" \/>\n<meta property=\"og:site_name\" content=\"SV S\u00fclfeld\" \/>\n<meta property=\"article:publisher\" content=\"https:\/\/de-de.facebook.com\/svsuelfeld\/\" \/>\n<meta property=\"article:modified_time\" content=\"2025-10-02T13:23:34+00:00\" \/>\n<meta name=\"twitter:card\" content=\"summary_large_image\" \/>\n<meta name=\"twitter:label1\" content=\"Gesch\u00e4tzte Lesezeit\" \/>\n\t<meta name=\"twitter:data1\" content=\"1\u00a0Minute\" \/>\n<script type=\"application\/ld+json\" class=\"yoast-schema-graph\">{\"@context\":\"https:\\\/\\\/schema.org\",\"@graph\":[{\"@type\":\"WebPage\",\"@id\":\"https:\\\/\\\/www.svsuelfeld.de\\\/?page_id=2472\",\"url\":\"https:\\\/\\\/www.svsuelfeld.de\\\/?page_id=2472\",\"name\":\"Antrag auf Mitgliedschaft - SV S\u00fclfeld\",\"isPartOf\":{\"@id\":\"https:\\\/\\\/www.svsuelfeld.de\\\/#website\"},\"datePublished\":\"2024-10-27T20:59:59+00:00\",\"dateModified\":\"2025-10-02T13:23:34+00:00\",\"breadcrumb\":{\"@id\":\"https:\\\/\\\/www.svsuelfeld.de\\\/?page_id=2472#breadcrumb\"},\"inLanguage\":\"de\",\"potentialAction\":[{\"@type\":\"ReadAction\",\"target\":[\"https:\\\/\\\/www.svsuelfeld.de\\\/?page_id=2472\"]}]},{\"@type\":\"BreadcrumbList\",\"@id\":\"https:\\\/\\\/www.svsuelfeld.de\\\/?page_id=2472#breadcrumb\",\"itemListElement\":[{\"@type\":\"ListItem\",\"position\":1,\"name\":\"Startseite\",\"item\":\"https:\\\/\\\/www.svsuelfeld.de\\\/\"},{\"@type\":\"ListItem\",\"position\":2,\"name\":\"Antrag auf Mitgliedschaft\"}]},{\"@type\":\"WebSite\",\"@id\":\"https:\\\/\\\/www.svsuelfeld.de\\\/#website\",\"url\":\"https:\\\/\\\/www.svsuelfeld.de\\\/\",\"name\":\"SV S\u00fclfeld\",\"description\":\"...mehr S\u00fclfeld geht nicht\",\"publisher\":{\"@id\":\"https:\\\/\\\/www.svsuelfeld.de\\\/#organization\"},\"potentialAction\":[{\"@type\":\"SearchAction\",\"target\":{\"@type\":\"EntryPoint\",\"urlTemplate\":\"https:\\\/\\\/www.svsuelfeld.de\\\/?s={search_term_string}\"},\"query-input\":{\"@type\":\"PropertyValueSpecification\",\"valueRequired\":true,\"valueName\":\"search_term_string\"}}],\"inLanguage\":\"de\"},{\"@type\":\"Organization\",\"@id\":\"https:\\\/\\\/www.svsuelfeld.de\\\/#organization\",\"name\":\"SV S\u00fclfeld\",\"url\":\"https:\\\/\\\/www.svsuelfeld.de\\\/\",\"logo\":{\"@type\":\"ImageObject\",\"inLanguage\":\"de\",\"@id\":\"https:\\\/\\\/www.svsuelfeld.de\\\/#\\\/schema\\\/logo\\\/image\\\/\",\"url\":\"https:\\\/\\\/www.svsuelfeld.de\\\/wp-content\\\/uploads\\\/2022\\\/06\\\/cropped-svs-logo.png\",\"contentUrl\":\"https:\\\/\\\/www.svsuelfeld.de\\\/wp-content\\\/uploads\\\/2022\\\/06\\\/cropped-svs-logo.png\",\"width\":210,\"height\":210,\"caption\":\"SV S\u00fclfeld\"},\"image\":{\"@id\":\"https:\\\/\\\/www.svsuelfeld.de\\\/#\\\/schema\\\/logo\\\/image\\\/\"},\"sameAs\":[\"https:\\\/\\\/de-de.facebook.com\\\/svsuelfeld\\\/\"]}]}<\/script>\n<!-- \/ Yoast SEO plugin. -->","yoast_head_json":{"title":"Antrag auf Mitgliedschaft - SV S\u00fclfeld","robots":{"index":"index","follow":"follow","max-snippet":"max-snippet:-1","max-image-preview":"max-image-preview:large","max-video-preview":"max-video-preview:-1"},"canonical":"https:\/\/www.svsuelfeld.de\/?page_id=2472","og_locale":"de_DE","og_type":"article","og_title":"Antrag auf Mitgliedschaft - SV S\u00fclfeld","og_description":"Mitglied in unserem Verein kann jeder werden. Hier kannst Du unseren Mitgliedsantrag online ausf\u00fcllen. Mit einem * gekennzeichnete Felder m\u00fcssen ausgef\u00fcllt werden. Bitte beachte, dass du den Mitgliedsantrag erst absenden kannst, nachdem deine E-Mail-Adresse best\u00e4tigt wurde. Dr\u00fccke dazu unten einfach auf den Button &#8222;Code senden&#8220; und trage dann den Code, welcher dir per E-Mail zugesendet [&hellip;]","og_url":"https:\/\/www.svsuelfeld.de\/?page_id=2472","og_site_name":"SV S\u00fclfeld","article_publisher":"https:\/\/de-de.facebook.com\/svsuelfeld\/","article_modified_time":"2025-10-02T13:23:34+00:00","twitter_card":"summary_large_image","twitter_misc":{"Gesch\u00e4tzte Lesezeit":"1\u00a0Minute"},"schema":{"@context":"https:\/\/schema.org","@graph":[{"@type":"WebPage","@id":"https:\/\/www.svsuelfeld.de\/?page_id=2472","url":"https:\/\/www.svsuelfeld.de\/?page_id=2472","name":"Antrag auf Mitgliedschaft - SV S\u00fclfeld","isPartOf":{"@id":"https:\/\/www.svsuelfeld.de\/#website"},"datePublished":"2024-10-27T20:59:59+00:00","dateModified":"2025-10-02T13:23:34+00:00","breadcrumb":{"@id":"https:\/\/www.svsuelfeld.de\/?page_id=2472#breadcrumb"},"inLanguage":"de","potentialAction":[{"@type":"ReadAction","target":["https:\/\/www.svsuelfeld.de\/?page_id=2472"]}]},{"@type":"BreadcrumbList","@id":"https:\/\/www.svsuelfeld.de\/?page_id=2472#breadcrumb","itemListElement":[{"@type":"ListItem","position":1,"name":"Startseite","item":"https:\/\/www.svsuelfeld.de\/"},{"@type":"ListItem","position":2,"name":"Antrag auf Mitgliedschaft"}]},{"@type":"WebSite","@id":"https:\/\/www.svsuelfeld.de\/#website","url":"https:\/\/www.svsuelfeld.de\/","name":"SV S\u00fclfeld","description":"...mehr S\u00fclfeld geht nicht","publisher":{"@id":"https:\/\/www.svsuelfeld.de\/#organization"},"potentialAction":[{"@type":"SearchAction","target":{"@type":"EntryPoint","urlTemplate":"https:\/\/www.svsuelfeld.de\/?s={search_term_string}"},"query-input":{"@type":"PropertyValueSpecification","valueRequired":true,"valueName":"search_term_string"}}],"inLanguage":"de"},{"@type":"Organization","@id":"https:\/\/www.svsuelfeld.de\/#organization","name":"SV S\u00fclfeld","url":"https:\/\/www.svsuelfeld.de\/","logo":{"@type":"ImageObject","inLanguage":"de","@id":"https:\/\/www.svsuelfeld.de\/#\/schema\/logo\/image\/","url":"https:\/\/www.svsuelfeld.de\/wp-content\/uploads\/2022\/06\/cropped-svs-logo.png","contentUrl":"https:\/\/www.svsuelfeld.de\/wp-content\/uploads\/2022\/06\/cropped-svs-logo.png","width":210,"height":210,"caption":"SV S\u00fclfeld"},"image":{"@id":"https:\/\/www.svsuelfeld.de\/#\/schema\/logo\/image\/"},"sameAs":["https:\/\/de-de.facebook.com\/svsuelfeld\/"]}]}},"publishpress_future_action":{"enabled":false,"date":"2026-04-10 22:19:51","action":"change-status","newStatus":"draft","terms":[],"taxonomy":"","extraData":[]},"publishpress_future_workflow_manual_trigger":{"enabledWorkflows":[]},"_links":{"self":[{"href":"https:\/\/www.svsuelfeld.de\/index.php?rest_route=\/wp\/v2\/pages\/2472","targetHints":{"allow":["GET"]}}],"collection":[{"href":"https:\/\/www.svsuelfeld.de\/index.php?rest_route=\/wp\/v2\/pages"}],"about":[{"href":"https:\/\/www.svsuelfeld.de\/index.php?rest_route=\/wp\/v2\/types\/page"}],"author":[{"embeddable":true,"href":"https:\/\/www.svsuelfeld.de\/index.php?rest_route=\/wp\/v2\/users\/13"}],"replies":[{"embeddable":true,"href":"https:\/\/www.svsuelfeld.de\/index.php?rest_route=%2Fwp%2Fv2%2Fcomments&post=2472"}],"version-history":[{"count":8,"href":"https:\/\/www.svsuelfeld.de\/index.php?rest_route=\/wp\/v2\/pages\/2472\/revisions"}],"predecessor-version":[{"id":2755,"href":"https:\/\/www.svsuelfeld.de\/index.php?rest_route=\/wp\/v2\/pages\/2472\/revisions\/2755"}],"wp:attachment":[{"href":"https:\/\/www.svsuelfeld.de\/index.php?rest_route=%2Fwp%2Fv2%2Fmedia&parent=2472"}],"curies":[{"name":"wp","href":"https:\/\/api.w.org\/{rel}","templated":true}]}}