{"id":255,"date":"2022-02-25T10:18:09","date_gmt":"2022-02-25T09:18:09","guid":{"rendered":"https:\/\/www.svsuelfeld.de\/?page_id=255"},"modified":"2026-02-23T14:25:30","modified_gmt":"2026-02-23T13:25:30","slug":"mitgliedschaft","status":"publish","type":"page","link":"https:\/\/www.svsuelfeld.de\/?page_id=255","title":{"rendered":"Mitgliedschaft"},"content":{"rendered":"\n<p class=\"wp-block-paragraph\">Mitglied in unserem Verein kann jeder werden und wir freuen uns \u00fcber jedes neue Mitglied. Bitte f\u00fclle dazu den <a href=\"https:\/\/www.svsuelfeld.de\/?page_id=2472\" rel=\"nofollow\">Online-Antrag<\/a> aus.<\/p>\n\n\n\n<p class=\"wp-block-paragraph\">Bei Fragen dazu schreibe gerne eine E-Mail an <a href=\"mailto:mitglieder@svsuelfeld.de\">mitglieder@svsuelfeld.de<\/a><\/p>\n\n\n\n<p class=\"wp-block-paragraph\">Die Satzung unseres Vereins in der aktuellen Version kannst du -ebenfalls als pdf &#8211; hier herunter laden:&nbsp;<a href=\"https:\/\/www.svsuelfeld.de\/wp-content\/uploads\/2022\/02\/200306-Satzung-SVS.pdf\" target=\"_blank\" rel=\"noreferrer noopener\">Satzung des SVS<\/a>&nbsp;(Neufassung nach JHV v. 06.03.2020)<\/p>\n\n\n\n<hr class=\"wp-block-separator has-css-opacity is-style-dots\"\/>\n\n\n\n<p class=\"wp-block-paragraph\">Unsere aktuellen Mitgliedsbeitr\u00e4ge findest Du in der nachfolgenden \u00dcbersicht:<\/p>\n\n\n\n<figure class=\"wp-block-table\"><table class=\"has-fixed-layout\"><thead><tr><th class=\"has-text-align-left\" data-align=\"left\">Monatsbeitrag<\/th><th><\/th><\/tr><\/thead><tbody><tr><td class=\"has-text-align-left\" data-align=\"left\">Kinder \/&nbsp;Sch\u00fcler \/ Studenten<sup>1<\/sup>:<\/td><td>7,50\u20ac<\/td><\/tr><tr><td class=\"has-text-align-left\" data-align=\"left\">Erwachsene:<\/td><td>12,50\u20ac<\/td><\/tr><tr><td class=\"has-text-align-left\" data-align=\"left\">Familie<sup>2<\/sup>:<\/td><td>20,00\u20ac<\/td><\/tr><tr><td class=\"has-text-align-left\" data-align=\"left\">Passiv \/ F\u00f6rdernd:<\/td><td>6,00\u20ac<\/td><\/tr><\/tbody><\/table><\/figure>\n\n\n\n<p class=\"wp-block-paragraph\"><sup>1<\/sup> &#8211; Kinder bis 18 Jahre, Sch\u00fcler &amp; Studenten gegen entsprechenden Nachweis<br><sup>2<\/sup> &#8211; Familienmitgliedschaft gilt f\u00fcr max. 2 Erwachsene plus mindestens einem Kind.<\/p>\n\n\n\n<hr class=\"wp-block-separator has-css-opacity is-style-dots\"\/>\n\n\n\n<p class=\"wp-block-paragraph\"><strong>Jetzt neu: Ab sofort kann jedes Mitglied seine eigenen Daten einsehen und z.B. \u00c4nderungen der Bankverbindung selber \u00e4ndern. <\/strong><\/p>\n\n\n\n<a href=\"https:\/\/www.svsuelfeld.de\/?page_id=2937\" title=\"Vereinsverwaltung Mitglieder\"><img decoding=\"async\" src=\"https:\/\/easyverein.com\/static\/img\/login_link.png\"><\/a>\n\n\n\n<p class=\"wp-block-paragraph\"><\/p>\n","protected":false},"excerpt":{"rendered":"<p>Mitglied in unserem Verein kann jeder werden und wir freuen uns \u00fcber jedes neue Mitglied. Bitte f\u00fclle dazu den Online-Antrag aus. Bei Fragen dazu schreibe gerne eine E-Mail an mitglieder@svsuelfeld.de Die Satzung unseres Vereins in der aktuellen Version kannst du -ebenfalls als pdf &#8211; hier herunter laden:&nbsp;Satzung des SVS&nbsp;(Neufassung nach JHV v. 06.03.2020) Unsere aktuellen [&hellip;]<\/p>\n","protected":false},"author":13,"featured_media":0,"parent":0,"menu_order":0,"comment_status":"closed","ping_status":"closed","template":"","meta":{"_crdt_document":"","pgc_sgb_lightbox_settings":"","footnotes":""},"class_list":["post-255","page","type-page","status-publish","hentry"],"yoast_head":"<!-- This site is optimized with the Yoast SEO plugin v27.3 - https:\/\/yoast.com\/product\/yoast-seo-wordpress\/ -->\n<title>Mitgliedschaft - SV S\u00fclfeld<\/title>\n<meta name=\"robots\" content=\"index, follow, max-snippet:-1, max-image-preview:large, max-video-preview:-1\" \/>\n<link rel=\"canonical\" href=\"https:\/\/www.svsuelfeld.de\/?page_id=255\" \/>\n<meta property=\"og:locale\" content=\"de_DE\" \/>\n<meta property=\"og:type\" content=\"article\" \/>\n<meta property=\"og:title\" content=\"Mitgliedschaft - SV S\u00fclfeld\" \/>\n<meta property=\"og:description\" content=\"Mitglied in unserem Verein kann jeder werden und wir freuen uns \u00fcber jedes neue Mitglied. Bitte f\u00fclle dazu den Online-Antrag aus. Bei Fragen dazu schreibe gerne eine E-Mail an mitglieder@svsuelfeld.de Die Satzung unseres Vereins in der aktuellen Version kannst du -ebenfalls als pdf &#8211; hier herunter laden:&nbsp;Satzung des SVS&nbsp;(Neufassung nach JHV v. 06.03.2020) Unsere aktuellen [&hellip;]\" \/>\n<meta property=\"og:url\" content=\"https:\/\/www.svsuelfeld.de\/?page_id=255\" \/>\n<meta property=\"og:site_name\" content=\"SV S\u00fclfeld\" \/>\n<meta property=\"article:publisher\" content=\"https:\/\/de-de.facebook.com\/svsuelfeld\/\" \/>\n<meta property=\"article:modified_time\" content=\"2026-02-23T13:25:30+00:00\" \/>\n<meta property=\"og:image\" content=\"https:\/\/easyverein.com\/static\/img\/login_link.png\" \/>\n<meta name=\"twitter:card\" content=\"summary_large_image\" \/>\n<meta name=\"twitter:label1\" content=\"Gesch\u00e4tzte Lesezeit\" \/>\n\t<meta name=\"twitter:data1\" content=\"1\u00a0Minute\" \/>\n<script type=\"application\/ld+json\" class=\"yoast-schema-graph\">{\"@context\":\"https:\\\/\\\/schema.org\",\"@graph\":[{\"@type\":\"WebPage\",\"@id\":\"https:\\\/\\\/www.svsuelfeld.de\\\/?page_id=255\",\"url\":\"https:\\\/\\\/www.svsuelfeld.de\\\/?page_id=255\",\"name\":\"Mitgliedschaft - SV S\u00fclfeld\",\"isPartOf\":{\"@id\":\"https:\\\/\\\/www.svsuelfeld.de\\\/#website\"},\"primaryImageOfPage\":{\"@id\":\"https:\\\/\\\/www.svsuelfeld.de\\\/?page_id=255#primaryimage\"},\"image\":{\"@id\":\"https:\\\/\\\/www.svsuelfeld.de\\\/?page_id=255#primaryimage\"},\"thumbnailUrl\":\"https:\\\/\\\/easyverein.com\\\/static\\\/img\\\/login_link.png\",\"datePublished\":\"2022-02-25T09:18:09+00:00\",\"dateModified\":\"2026-02-23T13:25:30+00:00\",\"breadcrumb\":{\"@id\":\"https:\\\/\\\/www.svsuelfeld.de\\\/?page_id=255#breadcrumb\"},\"inLanguage\":\"de\",\"potentialAction\":[{\"@type\":\"ReadAction\",\"target\":[\"https:\\\/\\\/www.svsuelfeld.de\\\/?page_id=255\"]}]},{\"@type\":\"ImageObject\",\"inLanguage\":\"de\",\"@id\":\"https:\\\/\\\/www.svsuelfeld.de\\\/?page_id=255#primaryimage\",\"url\":\"https:\\\/\\\/easyverein.com\\\/static\\\/img\\\/login_link.png\",\"contentUrl\":\"https:\\\/\\\/easyverein.com\\\/static\\\/img\\\/login_link.png\"},{\"@type\":\"BreadcrumbList\",\"@id\":\"https:\\\/\\\/www.svsuelfeld.de\\\/?page_id=255#breadcrumb\",\"itemListElement\":[{\"@type\":\"ListItem\",\"position\":1,\"name\":\"Startseite\",\"item\":\"https:\\\/\\\/www.svsuelfeld.de\\\/\"},{\"@type\":\"ListItem\",\"position\":2,\"name\":\"Mitgliedschaft\"}]},{\"@type\":\"WebSite\",\"@id\":\"https:\\\/\\\/www.svsuelfeld.de\\\/#website\",\"url\":\"https:\\\/\\\/www.svsuelfeld.de\\\/\",\"name\":\"SV S\u00fclfeld\",\"description\":\"...mehr S\u00fclfeld geht nicht\",\"publisher\":{\"@id\":\"https:\\\/\\\/www.svsuelfeld.de\\\/#organization\"},\"potentialAction\":[{\"@type\":\"SearchAction\",\"target\":{\"@type\":\"EntryPoint\",\"urlTemplate\":\"https:\\\/\\\/www.svsuelfeld.de\\\/?s={search_term_string}\"},\"query-input\":{\"@type\":\"PropertyValueSpecification\",\"valueRequired\":true,\"valueName\":\"search_term_string\"}}],\"inLanguage\":\"de\"},{\"@type\":\"Organization\",\"@id\":\"https:\\\/\\\/www.svsuelfeld.de\\\/#organization\",\"name\":\"SV S\u00fclfeld\",\"url\":\"https:\\\/\\\/www.svsuelfeld.de\\\/\",\"logo\":{\"@type\":\"ImageObject\",\"inLanguage\":\"de\",\"@id\":\"https:\\\/\\\/www.svsuelfeld.de\\\/#\\\/schema\\\/logo\\\/image\\\/\",\"url\":\"https:\\\/\\\/www.svsuelfeld.de\\\/wp-content\\\/uploads\\\/2022\\\/06\\\/cropped-svs-logo.png\",\"contentUrl\":\"https:\\\/\\\/www.svsuelfeld.de\\\/wp-content\\\/uploads\\\/2022\\\/06\\\/cropped-svs-logo.png\",\"width\":210,\"height\":210,\"caption\":\"SV S\u00fclfeld\"},\"image\":{\"@id\":\"https:\\\/\\\/www.svsuelfeld.de\\\/#\\\/schema\\\/logo\\\/image\\\/\"},\"sameAs\":[\"https:\\\/\\\/de-de.facebook.com\\\/svsuelfeld\\\/\"]}]}<\/script>\n<!-- \/ Yoast SEO plugin. -->","yoast_head_json":{"title":"Mitgliedschaft - SV S\u00fclfeld","robots":{"index":"index","follow":"follow","max-snippet":"max-snippet:-1","max-image-preview":"max-image-preview:large","max-video-preview":"max-video-preview:-1"},"canonical":"https:\/\/www.svsuelfeld.de\/?page_id=255","og_locale":"de_DE","og_type":"article","og_title":"Mitgliedschaft - SV S\u00fclfeld","og_description":"Mitglied in unserem Verein kann jeder werden und wir freuen uns \u00fcber jedes neue Mitglied. Bitte f\u00fclle dazu den Online-Antrag aus. Bei Fragen dazu schreibe gerne eine E-Mail an mitglieder@svsuelfeld.de Die Satzung unseres Vereins in der aktuellen Version kannst du -ebenfalls als pdf &#8211; hier herunter laden:&nbsp;Satzung des SVS&nbsp;(Neufassung nach JHV v. 06.03.2020) Unsere aktuellen [&hellip;]","og_url":"https:\/\/www.svsuelfeld.de\/?page_id=255","og_site_name":"SV S\u00fclfeld","article_publisher":"https:\/\/de-de.facebook.com\/svsuelfeld\/","article_modified_time":"2026-02-23T13:25:30+00:00","og_image":[{"url":"https:\/\/easyverein.com\/static\/img\/login_link.png","type":"","width":"","height":""}],"twitter_card":"summary_large_image","twitter_misc":{"Gesch\u00e4tzte Lesezeit":"1\u00a0Minute"},"schema":{"@context":"https:\/\/schema.org","@graph":[{"@type":"WebPage","@id":"https:\/\/www.svsuelfeld.de\/?page_id=255","url":"https:\/\/www.svsuelfeld.de\/?page_id=255","name":"Mitgliedschaft - SV S\u00fclfeld","isPartOf":{"@id":"https:\/\/www.svsuelfeld.de\/#website"},"primaryImageOfPage":{"@id":"https:\/\/www.svsuelfeld.de\/?page_id=255#primaryimage"},"image":{"@id":"https:\/\/www.svsuelfeld.de\/?page_id=255#primaryimage"},"thumbnailUrl":"https:\/\/easyverein.com\/static\/img\/login_link.png","datePublished":"2022-02-25T09:18:09+00:00","dateModified":"2026-02-23T13:25:30+00:00","breadcrumb":{"@id":"https:\/\/www.svsuelfeld.de\/?page_id=255#breadcrumb"},"inLanguage":"de","potentialAction":[{"@type":"ReadAction","target":["https:\/\/www.svsuelfeld.de\/?page_id=255"]}]},{"@type":"ImageObject","inLanguage":"de","@id":"https:\/\/www.svsuelfeld.de\/?page_id=255#primaryimage","url":"https:\/\/easyverein.com\/static\/img\/login_link.png","contentUrl":"https:\/\/easyverein.com\/static\/img\/login_link.png"},{"@type":"BreadcrumbList","@id":"https:\/\/www.svsuelfeld.de\/?page_id=255#breadcrumb","itemListElement":[{"@type":"ListItem","position":1,"name":"Startseite","item":"https:\/\/www.svsuelfeld.de\/"},{"@type":"ListItem","position":2,"name":"Mitgliedschaft"}]},{"@type":"WebSite","@id":"https:\/\/www.svsuelfeld.de\/#website","url":"https:\/\/www.svsuelfeld.de\/","name":"SV S\u00fclfeld","description":"...mehr S\u00fclfeld geht nicht","publisher":{"@id":"https:\/\/www.svsuelfeld.de\/#organization"},"potentialAction":[{"@type":"SearchAction","target":{"@type":"EntryPoint","urlTemplate":"https:\/\/www.svsuelfeld.de\/?s={search_term_string}"},"query-input":{"@type":"PropertyValueSpecification","valueRequired":true,"valueName":"search_term_string"}}],"inLanguage":"de"},{"@type":"Organization","@id":"https:\/\/www.svsuelfeld.de\/#organization","name":"SV S\u00fclfeld","url":"https:\/\/www.svsuelfeld.de\/","logo":{"@type":"ImageObject","inLanguage":"de","@id":"https:\/\/www.svsuelfeld.de\/#\/schema\/logo\/image\/","url":"https:\/\/www.svsuelfeld.de\/wp-content\/uploads\/2022\/06\/cropped-svs-logo.png","contentUrl":"https:\/\/www.svsuelfeld.de\/wp-content\/uploads\/2022\/06\/cropped-svs-logo.png","width":210,"height":210,"caption":"SV S\u00fclfeld"},"image":{"@id":"https:\/\/www.svsuelfeld.de\/#\/schema\/logo\/image\/"},"sameAs":["https:\/\/de-de.facebook.com\/svsuelfeld\/"]}]}},"publishpress_future_action":{"enabled":false,"date":"2026-04-14 10:23:42","action":"change-status","newStatus":"draft","terms":[],"taxonomy":"","extraData":[]},"publishpress_future_workflow_manual_trigger":{"enabledWorkflows":[]},"_links":{"self":[{"href":"https:\/\/www.svsuelfeld.de\/index.php?rest_route=\/wp\/v2\/pages\/255","targetHints":{"allow":["GET"]}}],"collection":[{"href":"https:\/\/www.svsuelfeld.de\/index.php?rest_route=\/wp\/v2\/pages"}],"about":[{"href":"https:\/\/www.svsuelfeld.de\/index.php?rest_route=\/wp\/v2\/types\/page"}],"author":[{"embeddable":true,"href":"https:\/\/www.svsuelfeld.de\/index.php?rest_route=\/wp\/v2\/users\/13"}],"replies":[{"embeddable":true,"href":"https:\/\/www.svsuelfeld.de\/index.php?rest_route=%2Fwp%2Fv2%2Fcomments&post=255"}],"version-history":[{"count":10,"href":"https:\/\/www.svsuelfeld.de\/index.php?rest_route=\/wp\/v2\/pages\/255\/revisions"}],"predecessor-version":[{"id":2973,"href":"https:\/\/www.svsuelfeld.de\/index.php?rest_route=\/wp\/v2\/pages\/255\/revisions\/2973"}],"wp:attachment":[{"href":"https:\/\/www.svsuelfeld.de\/index.php?rest_route=%2Fwp%2Fv2%2Fmedia&parent=255"}],"curies":[{"name":"wp","href":"https:\/\/api.w.org\/{rel}","templated":true}]}}